{"id":5131,"date":"2020-11-04T16:53:15","date_gmt":"2020-11-04T15:53:15","guid":{"rendered":"https:\/\/3-a.eu\/?page_id=5131"},"modified":"2020-11-26T02:42:40","modified_gmt":"2020-11-26T01:42:40","slug":"uber-uns","status":"publish","type":"page","link":"https:\/\/3-a.eu\/de\/uber-uns\/","title":{"rendered":"team"},"content":{"rendered":"<section class=\"l-section wpb_row us_custom_8a9f865d height_medium full_height valign_top width_full\"><div class=\"l-section-h i-cf\"><div class=\"g-cols vc_row via_flex valign_middle type_default stacking_default\"><div class=\"vc_col-sm-12 wpb_column vc_column_container\"><div class=\"vc_column-inner\"><div class=\"wpb_wrapper\"><div class=\"ult-animation  ult-animate-viewport  ult-no-mobile \" data-animate=\"fadeInUp\" data-animation-delay=\"0\" data-animation-duration=\"1\" data-animation-iteration=\"1\" style=\"opacity:0;\" data-opacity_start_effect=\"\">[vc_custom_heading text=&#8220;TEAM&#8220; font_container=&#8220;tag:h2|text_align:center&#8220; google_fonts=&#8220;font_family:Playfair%20Display%3Aregular%2Citalic%2C700%2C700italic%2C900%2C900italic|font_style:400%20regular%3A400%3Anormal&#8220; el_class=&#8220;title-letter-spacing&#8220; css=&#8220;%7B%22default%22%3A%7B%22line-height%22%3A%221%22%2C%22letter-spacing%22%3A%22-0.02em%22%2C%22margin-bottom%22%3A%2210px%22%7D%7D&#8220;]<\/div><div class=\"wpb_text_column us_custom_5acc9889 has_text_color\"><div class=\"wpb_wrapper\"><p style=\"text-align: center;\">&#8230;was Sie \u00fcber uns wissen sollten.<\/p>\n<\/div><\/div><div class=\"w-separator size_small\"><\/div><div class=\"w-separator size_custom\" style=\"height:1px\"><\/div><div class=\"g-cols wpb_row us_custom_59f8fa05 via_flex valign_top type_default stacking_default\"><div class=\"vc_col-sm-6 wpb_column vc_column_container o-nas-column-daniel\"><div class=\"vc_column-inner us_custom_cf337b39\"><div class=\"wpb_wrapper\"><div class=\"w-hwrapper valign_top align_right\"><div class=\"w-vwrapper o-nas-txt-container-daniel align_none valign_top\"><div id=\"ultimate-heading-712469dfbce8be4fa\" class=\"uvc-heading ult-adjust-bottom-margin ultimate-heading-712469dfbce8be4fa uvc-4429 \" data-hspacer=\"no_spacer\"  data-halign=\"left\" style=\"text-align:left\"><div class=\"uvc-heading-spacer no_spacer\" style=\"top\"><\/div><div class=\"uvc-main-heading ult-responsive\"  data-ultimate-target='.uvc-heading.ultimate-heading-712469dfbce8be4fa h2'  data-responsive-json-new='{\"font-size\":\"desktop:27px;\",\"line-height\":\"\"}' ><h2 style=\"font-family:&#039;Oswald&#039;;font-weight:500;\">Daniel<\/h2><\/div><div class=\"uvc-sub-heading ult-responsive\"  data-ultimate-target='.uvc-heading.ultimate-heading-712469dfbce8be4fa .uvc-sub-heading '  data-responsive-json-new='{\"font-size\":\"desktop:23px;\",\"line-height\":\"\"}'  style=\"font-family:&#039;Oswald&#039;;font-weight:300;\">\n<p style=\"text-align: left;\">Gr\u00fcnder<\/p>\n<\/div><\/div><div class=\"wpb_text_column us_custom_c92e68f3 has_text_color\"><div class=\"wpb_wrapper\"><p style=\"text-align: left;\">Er akquiriert problemlos Kunden aus dem Internet in Polen und im Ausland f\u00fcr viele Branchen. Sind Sie in den Bereichen E-Commerce, Dienstleistungen, Fertigung oder station\u00e4rer Handel t\u00e4tig? Mit ihm werden Sie Ihr Gesch\u00e4ftsziel erreichen. Er ist seit 2007 in der Branche t\u00e4tig und plant vorerst nicht, sich zur Ruhe zu setzen. In der Vergangenheit Gr\u00fcnder des gr\u00f6\u00dften CS-Clans in Polen &#8211; BORG. Er liebt die Geschichte, besonders die milit\u00e4rische. Sie reist gerne und am liebsten mit dem Fahrrad.<\/p>\n<\/div><\/div><\/div><\/div><div class=\"w-image us_custom_c816f9a5 o-nas-pic-daniel align_none\"><div class=\"w-image-h\"><img decoding=\"async\" width=\"592\" height=\"766\" src=\"https:\/\/3-a.eu\/wp-content\/uploads\/2020\/03\/daniel-transparent-left.png\" class=\"attachment-large size-large\" alt=\"\" loading=\"lazy\" srcset=\"https:\/\/3-a.eu\/wp-content\/uploads\/2020\/03\/daniel-transparent-left.png 592w, https:\/\/3-a.eu\/wp-content\/uploads\/2020\/03\/daniel-transparent-left-232x300.png 232w\" sizes=\"auto, (max-width: 592px) 100vw, 592px\" \/><\/div><\/div><\/div><\/div><\/div><div class=\"vc_col-sm-6 wpb_column vc_column_container o-nas-column-agnieszka\"><div class=\"vc_column-inner us_custom_2bae252c\"><div class=\"wpb_wrapper\"><div class=\"w-vwrapper us_custom_125f075d o-nas-txt-container-agnieszka align_right valign_top\"><div id=\"ultimate-heading-703969dfbce8befc1\" class=\"uvc-heading ult-adjust-bottom-margin ultimate-heading-703969dfbce8befc1 uvc-341 \" data-hspacer=\"no_spacer\"  data-halign=\"right\" style=\"text-align:right\"><div class=\"uvc-heading-spacer no_spacer\" style=\"top\"><\/div><div class=\"uvc-main-heading ult-responsive\"  data-ultimate-target='.uvc-heading.ultimate-heading-703969dfbce8befc1 h2'  data-responsive-json-new='{\"font-size\":\"desktop:27px;\",\"line-height\":\"\"}' ><h2 style=\"font-family:&#039;Oswald&#039;;font-weight:500;\">Agnieszka<\/h2><\/div><div class=\"uvc-sub-heading ult-responsive\"  data-ultimate-target='.uvc-heading.ultimate-heading-703969dfbce8befc1 .uvc-sub-heading '  data-responsive-json-new='{\"font-size\":\"desktop:23px;\",\"line-height\":\"\"}'  style=\"font-family:&#039;Oswald&#039;;font-weight:300;\">\n<p style=\"text-align: right;\">Gr\u00fcnder<\/p>\n<\/div><\/div><div class=\"wpb_text_column us_custom_b97426d7 has_text_color\"><div class=\"wpb_wrapper\"><p style=\"text-align: right;\">Spezialistin f\u00fcr UX, Webdesign, soziale Medien. Er k\u00fcmmert sich um den Aufbau Ihrer Marke und die Schaffung des Images Ihres Unternehmens.<br \/>\nEine aktive Frau mit vielen Sommer- und Wintersportarten sowie eine leidenschaftliche Teilnehmerin am Fitnesstraining. Fan von Kriminalromanen, historischen und guten polnischen Filmen. Er liebt es, zu reisen und Menschen zu treffen. Sie sagt, die Musik sei ihre beste Freundin.<\/p>\n<\/div><\/div><\/div><div class=\"w-image us_custom_7979bfd8 o-nas-pic-agnieszka align_none\"><div class=\"w-image-h\"><img decoding=\"async\" width=\"450\" height=\"766\" src=\"https:\/\/3-a.eu\/wp-content\/uploads\/2020\/03\/agnieszka-transparent-right.png\" class=\"attachment-large size-large\" alt=\"\" loading=\"lazy\" srcset=\"https:\/\/3-a.eu\/wp-content\/uploads\/2020\/03\/agnieszka-transparent-right.png 450w, https:\/\/3-a.eu\/wp-content\/uploads\/2020\/03\/agnieszka-transparent-right-176x300.png 176w\" sizes=\"auto, (max-width: 450px) 100vw, 450px\" \/><\/div><\/div><\/div><\/div><\/div><\/div><\/div><\/div><\/div><\/div><\/div><\/section>\n","protected":false},"excerpt":{"rendered":"[vc_custom_heading text=\"TEAM\" font_container=\"tag:h2|text_align:center\" google_fonts=\"font_family:Playfair%20Display%3Aregular%2Citalic%2C700%2C700italic%2C900%2C900italic|font_style:400%20regular%3A400%3Anormal\" el_class=\"title-letter-spacing\" css=\"%7B%22default%22%3A%7B%22line-height%22%3A%221%22%2C%22letter-spacing%22%3A%22-0.02em%22%2C%22margin-bottom%22%3A%2210px%22%7D%7D\"]&#8230;was Sie \u00fcber uns wissen sollten. Daniel Gr\u00fcnder Er akquiriert problemlos Kunden aus dem Internet in Polen und im Ausland f\u00fcr viele Branchen. Sind Sie in den Bereichen E-Commerce, Dienstleistungen, Fertigung oder station\u00e4rer Handel t\u00e4tig? Mit ihm werden Sie Ihr Gesch\u00e4ftsziel erreichen. Er ist seit 2007 in der Branche t\u00e4tig...","protected":false},"author":5,"featured_media":0,"parent":0,"menu_order":7,"comment_status":"closed","ping_status":"open","template":"","meta":{"footnotes":""},"class_list":["post-5131","page","type-page","status-publish","hentry"],"_links":{"self":[{"href":"https:\/\/3-a.eu\/de\/wp-json\/wp\/v2\/pages\/5131","targetHints":{"allow":["GET"]}}],"collection":[{"href":"https:\/\/3-a.eu\/de\/wp-json\/wp\/v2\/pages"}],"about":[{"href":"https:\/\/3-a.eu\/de\/wp-json\/wp\/v2\/types\/page"}],"author":[{"embeddable":true,"href":"https:\/\/3-a.eu\/de\/wp-json\/wp\/v2\/users\/5"}],"replies":[{"embeddable":true,"href":"https:\/\/3-a.eu\/de\/wp-json\/wp\/v2\/comments?post=5131"}],"version-history":[{"count":0,"href":"https:\/\/3-a.eu\/de\/wp-json\/wp\/v2\/pages\/5131\/revisions"}],"wp:attachment":[{"href":"https:\/\/3-a.eu\/de\/wp-json\/wp\/v2\/media?parent=5131"}],"curies":[{"name":"wp","href":"https:\/\/api.w.org\/{rel}","templated":true}]}}