{"id":5352,"date":"2020-11-19T16:43:36","date_gmt":"2020-11-19T15:43:36","guid":{"rendered":"https:\/\/3-a.eu\/?page_id=5352"},"modified":"2026-02-04T13:24:21","modified_gmt":"2026-02-04T12:24:21","slug":"web-und-mobile-anwendungen","status":"publish","type":"page","link":"https:\/\/3-a.eu\/de\/web-und-mobile-anwendungen\/","title":{"rendered":"Web- und mobile Anwendungen"},"content":{"rendered":"<section class=\"l-section wpb_row us_custom_565be860 height_medium full_height valign_center\"><div class=\"l-section-h i-cf\"><div class=\"g-cols vc_row via_flex valign_middle type_default stacking_default\"><div class=\"vc_col-sm-12 wpb_column vc_column_container\"><div class=\"vc_column-inner us_custom_447bff20\"><div class=\"wpb_wrapper\"><div class=\"ult-animation  ult-animate-viewport  ult-no-mobile \" data-animate=\"fadeInUp\" data-animation-delay=\"0\" data-animation-duration=\"1\" data-animation-iteration=\"1\" style=\"opacity:0;\" data-opacity_start_effect=\"\">[vc_custom_heading text=&#8220;WEB UND MOBILE ANWENDUNGEN&#8220; font_container=&#8220;tag:h1|text_align:center&#8220; google_fonts=&#8220;font_family:Playfair%20Display%3Aregular%2Citalic%2C700%2C700italic%2C900%2C900italic|font_style:400%20regular%3A400%3Anormal&#8220; css=&#8220;%7B%22default%22%3A%7B%22line-height%22%3A%221%22%2C%22letter-spacing%22%3A%22-0.02em%22%2C%22margin-bottom%22%3A%2210px%22%7D%7D&#8220; el_class=&#8220;title-letter-spacing&#8220;]<\/div><div class=\"wpb_text_column us_custom_7e62da8d has_text_color\"><div class=\"wpb_wrapper\"><p style=\"text-align: center;\">Wir entwerfen personalisierte Web- und mobile Anwendungen. Die gewonnene Erfahrung erlaubt es uns, Ihre Idee professionell zu bewerten, ihre Rentabilit\u00e4t zu bestimmen, auf der Basis der neuesten Technologien wie PHP, Ajax, JavaScript, XML, MySQL, MSSQL oder Oracle zu entwerfen und zu bauen.<\/p>\n<\/div><\/div><div class=\"wpb_text_column us_custom_f644af2b has_text_color\"><div class=\"wpb_wrapper\"><p style=\"text-align: center;\"><strong>Dank der verwendeten Verfahren und Werkzeuge liefern wir Quellcode von h\u00f6chster Qualit\u00e4t.<\/strong><\/p>\n<\/div><\/div>[vc_raw_html css=&#8220;%7B%22default%22%3A%7B%22margin-left%22%3A%22auto%22%2C%22margin-right%22%3A%22auto%22%7D%7D&#8220;]PGRpdiBjbGFzcz0ibW91c2UtaWNvbiI+PHN2ZyB4bWxucz0iaHR0cDovL3d3dy53My5vcmcvMjAwMC9zdmciIHhtbG5zOnhsaW5rPSJodHRwOi8vd3d3LnczLm9yZy8xOTk5L3hsaW5rIiB3aWR0aD0iMjBweCIgaGVpZ2h0PSIxMDAlIiB2aWV3Ym94PSIwIDAgMjQ3IDM5MCIgdmVyc2lvbj0iMS4xIiBzdHlsZT0iZmlsbC1ydWxlOmV2ZW5vZGQ7Y2xpcC1ydWxlOmV2ZW5vZGQ7c3Ryb2tlLWxpbmVjYXA6cm91bmQ7c3Ryb2tlLWxpbmVqb2luOnJvdW5kO3N0cm9rZS1taXRlcmxpbWl0OjEuNTsiPgoJPHBhdGggaWQ9IndoZWVsIiBkPSJNMTIzLjM1OSw3OS43NzVsMCw3Mi44NDMiIHN0eWxlPSJmaWxsOm5vbmU7c3Ryb2tlOiNEMjMzNUI7c3Ryb2tlLXdpZHRoOjIwcHg7Ij48L3BhdGg+Cgk8cGF0aCBpZD0ibW91c2UiIGQ9Ik0yMzYuNzE3LDEyMy4zNTljMCwtNjIuNTY1IC01MC43OTQsLTExMy4zNTkgLTExMy4zNTgsLTExMy4zNTljLTYyLjU2NSwwIC0xMTMuMzU5LDUwLjc5NCAtMTEzLjM1OSwxMTMuMzU5bDAsMTQzLjIzN2MwLDYyLjU2NSA1MC43OTQsMTEzLjM1OSAxMTMuMzU5LDExMy4zNTljNjIuNTY0LDAgMTEzLjM1OCwtNTAuNzk0IDExMy4zNTgsLTExMy4zNTlsMCwtMTQzLjIzN1oiIHN0eWxlPSJmaWxsOm5vbmU7c3Ryb2tlOiNEMjMzNUI7c3Ryb2tlLXdpZHRoOjIwcHg7Ij48L3BhdGg+Cjwvc3ZnPjwvZGl2Pg==[\/vc_raw_html]<\/div><\/div><\/div><\/div><\/div><\/section><section class=\"l-section wpb_row height_medium full_height valign_center with_img parallax_fixed\"><div class=\"l-section-img\" role=\"img\" aria-label=\"Bild\" data-img-width=\"2560\" data-img-height=\"1600\" style=\"background-image: url(https:\/\/3-a.eu\/wp-content\/uploads\/2020\/02\/aplikacje-mobilne-bg1-scaled.jpg);background-repeat: no-repeat;\"><\/div><div class=\"l-section-h i-cf\"><div class=\"g-cols vc_row via_flex valign_top type_default stacking_default\"><div class=\"vc_col-sm-12 wpb_column vc_column_container has_bg_color\"><div class=\"vc_column-inner us_custom_62f8b072\"><div class=\"wpb_wrapper\">[vc_custom_heading text=&#8220;Merkmale unserer Anwendungen&#8220; font_container=&#8220;tag:h2|text_align:center&#8220; google_fonts=&#8220;font_family:Oswald%3A300%2Cregular%2C700|font_style:400%20regular%3A400%3Anormal&#8220; css=&#8220;%7B%22default%22%3A%7B%22color%22%3A%22%231D1D1B%22%2C%22text-transform%22%3A%22uppercase%22%2C%22font-size%22%3A%2234px%22%2C%22margin-bottom%22%3A%220%22%7D%7D&#8220;]<div class=\"wpb_text_column us_custom_29992831 has_text_color\"><div class=\"wpb_wrapper\"><p style=\"text-align: center;\">Wir entwerfen mobile und Web-Anwendungen f\u00fcr eine Vielzahl von Anwendungen. Auf der Grundlage der Analyse Ihrer Anforderungen stellen wir Ihnen L\u00f6sungsm\u00f6glichkeiten mit ihren Vor- und Nachteilen vor.<\/p>\n<\/div><\/div><div class=\"w-separator size_custom\" style=\"height:20px\"><\/div><div class=\"g-cols wpb_row via_flex valign_top type_default stacking_default\"><div class=\"vc_col-sm-3 wpb_column vc_column_container\"><div class=\"vc_column-inner\"><div class=\"wpb_wrapper\"><div id=\"ultimate-heading-655869dfbcce5a3fd\" class=\"uvc-heading ult-adjust-bottom-margin ultimate-heading-655869dfbcce5a3fd uvc-208 \" data-hspacer=\"no_spacer\"  data-halign=\"center\" style=\"text-align:center\"><div class=\"uvc-heading-spacer no_spacer\" style=\"top\"><\/div><div class=\"uvc-main-heading ult-responsive\"  data-ultimate-target='.uvc-heading.ultimate-heading-655869dfbcce5a3fd h3'  data-responsive-json-new='{\"font-size\":\"desktop:20px;\",\"line-height\":\"desktop:25px;\"}' ><h3 style=\"font-weight:bold;color:#d2335b;margin-bottom:10px;\">UX<\/h3><\/div><\/div><div class=\"ult-just-icon-wrapper  \"><div class=\"align-icon\" style=\"text-align:center;\">\n<div class=\"aio-icon-img \" style=\"font-size:48px;display:inline-block;\" >\n\t<img decoding=\"async\" class=\"img-icon\" alt=\"null\" src=\"https:\/\/3-a.eu\/wp-content\/uploads\/2020\/02\/ux-1.svg\"\/>\n<\/div><\/div><\/div><div class=\"wpb_text_column us_custom_a16392b1\"><div class=\"wpb_wrapper\"><p style=\"text-align: center;\">Wir bereiten f\u00fcr Sie ein attraktives grafisches Design einer Mobil- oder Webanwendung vor, das auf den neuesten Trends und einer intuitiven Schnittstelle basiert und Sie von der Konkurrenz abhebt. Wir kennen das Verhalten der Benutzer von Anwendungen sehr gut, daher wissen wir, wie man sie so gestaltet, dass die besten Ergebnisse erzielt werden. Unsere Projekte f\u00fcr mobile und Web-Anwendungen sind intuitiv, funktional und benutzerfreundlich. Mit uns erh\u00e4lt Ihre Bewerbung einen einzigartigen Stil!<\/p>\n<\/div><\/div><\/div><\/div><\/div><div class=\"vc_col-sm-3 wpb_column vc_column_container\"><div class=\"vc_column-inner\"><div class=\"wpb_wrapper\"><div id=\"ultimate-heading-970669dfbcce5aae7\" class=\"uvc-heading ult-adjust-bottom-margin ultimate-heading-970669dfbcce5aae7 uvc-1494 \" data-hspacer=\"no_spacer\"  data-halign=\"center\" style=\"text-align:center\"><div class=\"uvc-heading-spacer no_spacer\" style=\"top\"><\/div><div class=\"uvc-main-heading ult-responsive\"  data-ultimate-target='.uvc-heading.ultimate-heading-970669dfbcce5aae7 h3'  data-responsive-json-new='{\"font-size\":\"desktop:20px;\",\"line-height\":\"desktop:25px;\"}' ><h3 style=\"font-weight:bold;color:#d2335b;margin-bottom:10px;\">ALLGEMEING\u00dcLTIGKEIT<\/h3><\/div><\/div><div class=\"w-iconbox us_custom_4fd89a8b iconpos_top style_default color_custom align_center no_text no_title\"><div class=\"w-iconbox-icon\" style=\"font-size:2rem;--icon-color:#000000;\"><i class=\"fas fa-bullseye-arrow\"><\/i><\/div><div class=\"w-iconbox-meta\"><\/div><\/div><div class=\"wpb_text_column us_custom_a16392b1\"><div class=\"wpb_wrapper\"><p style=\"text-align: center;\">Wir arbeiten st\u00e4ndig an der Verbesserung der von uns angebotenen Systeme. Wir testen st\u00e4ndig neue Technologien und verbessern unsere F\u00e4higkeiten im Hinblick auf neue L\u00f6sungen. Bei uns k\u00f6nnen Sie sich der Qualit\u00e4t Ihrer Bewerbung sicher sein.<\/p>\n<\/div><\/div><\/div><\/div><\/div><div class=\"vc_col-sm-3 wpb_column vc_column_container\"><div class=\"vc_column-inner\"><div class=\"wpb_wrapper\"><div id=\"ultimate-heading-564269dfbcce5acb3\" class=\"uvc-heading ult-adjust-bottom-margin ultimate-heading-564269dfbcce5acb3 uvc-4541 \" data-hspacer=\"no_spacer\"  data-halign=\"center\" style=\"text-align:center\"><div class=\"uvc-heading-spacer no_spacer\" style=\"top\"><\/div><div class=\"uvc-main-heading ult-responsive\"  data-ultimate-target='.uvc-heading.ultimate-heading-564269dfbcce5acb3 h3'  data-responsive-json-new='{\"font-size\":\"desktop:20px;\",\"line-height\":\"desktop:25px;\"}' ><h3 style=\"font-weight:bold;color:#d2335b;margin-bottom:10px;\">REAKTIONSF\u00c4HIGES PROJEKT<\/h3><\/div><\/div><div class=\"ult-just-icon-wrapper  \"><div class=\"align-icon\" style=\"text-align:center;\">\n<div class=\"aio-icon-img \" style=\"font-size:48px;display:inline-block;\" >\n\t<img decoding=\"async\" class=\"img-icon\" alt=\"null\" src=\"https:\/\/3-a.eu\/wp-content\/uploads\/2020\/02\/responsive.svg\"\/>\n<\/div><\/div><\/div><div class=\"wpb_text_column us_custom_a16392b1\"><div class=\"wpb_wrapper\"><p style=\"text-align: center;\">Auf dem Markt sind Tausende verschiedener Displaygr\u00f6\u00dfen erh\u00e4ltlich. Wir bieten hohe Qualit\u00e4t und Reaktionsschnelligkeit bei allen unseren Antr\u00e4gen f\u00fcr jeden einzelnen von ihnen.<\/p>\n<\/div><\/div><\/div><\/div><\/div><div class=\"vc_col-sm-3 wpb_column vc_column_container\"><div class=\"vc_column-inner\"><div class=\"wpb_wrapper\"><div id=\"ultimate-heading-735469dfbcce5b0a6\" class=\"uvc-heading ult-adjust-bottom-margin ultimate-heading-735469dfbcce5b0a6 uvc-6591 \" data-hspacer=\"no_spacer\"  data-halign=\"center\" style=\"text-align:center\"><div class=\"uvc-heading-spacer no_spacer\" style=\"top\"><\/div><div class=\"uvc-main-heading ult-responsive\"  data-ultimate-target='.uvc-heading.ultimate-heading-735469dfbcce5b0a6 h3'  data-responsive-json-new='{\"font-size\":\"desktop:20px;\",\"line-height\":\"desktop:25px;\"}' ><h3 style=\"font-weight:bold;color:#d2335b;margin-bottom:10px;\">KOMMUNIKATION<\/h3><\/div><\/div><div class=\"ult-just-icon-wrapper  \"><div class=\"align-icon\" style=\"text-align:center;\">\n<div class=\"aio-icon-img \" style=\"font-size:48px;display:inline-block;\" >\n\t<img decoding=\"async\" class=\"img-icon\" alt=\"null\" src=\"https:\/\/3-a.eu\/wp-content\/uploads\/2020\/02\/chat-box.svg\"\/>\n<\/div><\/div><\/div><div class=\"wpb_text_column us_custom_a16392b1\"><div class=\"wpb_wrapper\"><p style=\"text-align: center;\">Wir verfolgen st\u00e4ndig die Meinungen unserer Kunden und f\u00fchren auf der Grundlage ihrer Kommentare entsprechende Aktualisierungen ein, wodurch unsere Mobil- und Webanwendungen perfekt an die Bed\u00fcrfnisse ihrer Empf\u00e4nger angepasst sind.<\/p>\n<\/div><\/div><\/div><\/div><\/div><\/div><div class=\"w-separator size_custom\" style=\"height:20px\"><\/div><div class=\"w-btn-wrapper align_center\"><a class=\"w-btn us-btn-style_5\" title=\"kontakt\" href=\"https:\/\/3-a.eu\/de\/kontakt\/\"><span class=\"w-btn-label\">Kontakt<\/span><\/a><\/div><div class=\"w-separator size_custom\" style=\"height:20px\"><\/div>[vc_raw_html css=&#8220;%7B%22default%22%3A%7B%22margin-left%22%3A%22auto%22%2C%22margin-right%22%3A%22auto%22%7D%7D&#8220;]PGRpdiBjbGFzcz0ibW91c2UtaWNvbiI+PHN2ZyB4bWxucz0iaHR0cDovL3d3dy53My5vcmcvMjAwMC9zdmciIHhtbG5zOnhsaW5rPSJodHRwOi8vd3d3LnczLm9yZy8xOTk5L3hsaW5rIiB3aWR0aD0iMjBweCIgaGVpZ2h0PSIxMDAlIiB2aWV3Ym94PSIwIDAgMjQ3IDM5MCIgdmVyc2lvbj0iMS4xIiBzdHlsZT0iZmlsbC1ydWxlOmV2ZW5vZGQ7Y2xpcC1ydWxlOmV2ZW5vZGQ7c3Ryb2tlLWxpbmVjYXA6cm91bmQ7c3Ryb2tlLWxpbmVqb2luOnJvdW5kO3N0cm9rZS1taXRlcmxpbWl0OjEuNTsiPgoJPHBhdGggaWQ9IndoZWVsIiBkPSJNMTIzLjM1OSw3OS43NzVsMCw3Mi44NDMiIHN0eWxlPSJmaWxsOm5vbmU7c3Ryb2tlOiNmZmY7c3Ryb2tlLXdpZHRoOjIwcHg7Ij48L3BhdGg+Cgk8cGF0aCBpZD0ibW91c2UiIGQ9Ik0yMzYuNzE3LDEyMy4zNTljMCwtNjIuNTY1IC01MC43OTQsLTExMy4zNTkgLTExMy4zNTgsLTExMy4zNTljLTYyLjU2NSwwIC0xMTMuMzU5LDUwLjc5NCAtMTEzLjM1OSwxMTMuMzU5bDAsMTQzLjIzN2MwLDYyLjU2NSA1MC43OTQsMTEzLjM1OSAxMTMuMzU5LDExMy4zNTljNjIuNTY0LDAgMTEzLjM1OCwtNTAuNzk0IDExMy4zNTgsLTExMy4zNTlsMCwtMTQzLjIzN1oiIHN0eWxlPSJmaWxsOm5vbmU7c3Ryb2tlOiNmZmY7c3Ryb2tlLXdpZHRoOjIwcHg7Ij48L3BhdGg+Cjwvc3ZnPjwvZGl2Pg==[\/vc_raw_html]<\/div><\/div><\/div><\/div><\/div><\/section><section class=\"l-section wpb_row us_custom_8535c5f4 height_medium\"><div class=\"l-section-h i-cf\"><div class=\"g-cols vc_row via_flex valign_top type_default stacking_default\"><div class=\"vc_col-sm-12 wpb_column vc_column_container\"><div class=\"vc_column-inner\"><div class=\"wpb_wrapper\">[vc_custom_heading text=&#8220;Wie viel kostet es?&#8220; font_container=&#8220;tag:h2|text_align:center&#8220; google_fonts=&#8220;font_family:Oswald%3A300%2Cregular%2C700|font_style:400%20regular%3A400%3Anormal&#8220; css=&#8220;%7B%22default%22%3A%7B%22color%22%3A%22%231D1D1B%22%2C%22text-transform%22%3A%22uppercase%22%2C%22font-size%22%3A%2234px%22%2C%22margin-bottom%22%3A%220%22%7D%7D&#8220;]<div class=\"w-separator size_custom\" style=\"height:20px\"><\/div><div class=\"ult-just-icon-wrapper  \"><div class=\"align-icon\" style=\"text-align:center;\">\n<div class=\"aio-icon-img \" style=\"font-size:48px;display:inline-block;\" >\n\t<img decoding=\"async\" class=\"img-icon\" alt=\"null\" src=\"https:\/\/3-a.eu\/wp-content\/uploads\/2020\/03\/budget.svg\"\/>\n<\/div><\/div><\/div><div class=\"w-separator size_custom\" style=\"height:20px\"><\/div><div class=\"wpb_text_column us_custom_d7d4b73d\"><div class=\"wpb_wrapper\"><p style=\"text-align: center;\">Eine detaillierte Bewertung wird auf der Grundlage von Konsultationen nach Erhalt eines Antrags auf einen Vorschlag erstellt.<\/p>\n<p style=\"text-align: center;\"><strong>Vertrauen Sie den Experten und nehmen Sie Kontakt auf, um den Preis f\u00fcr Ihr geplantes Projekt zu erfahren!<\/strong><\/p>\n<\/div><\/div><section class=\"l-section wpb_row us_custom_fdcab3db height_medium\"><div class=\"l-section-h i-cf\"><div class=\"g-cols vc_row via_flex valign_top type_default stacking_default\"><div class=\"vc_col-sm-12 wpb_column vc_column_container\"><div class=\"vc_column-inner\"><div class=\"wpb_wrapper\"><div id=\"ultimate-heading-990169dfbcce5c183\" class=\"uvc-heading ult-adjust-bottom-margin ultimate-heading-990169dfbcce5c183 uvc-48 \" data-hspacer=\"no_spacer\"  data-halign=\"center\" style=\"text-align:center\"><div class=\"uvc-heading-spacer no_spacer\" style=\"top\"><\/div><div class=\"uvc-main-heading ult-responsive\"  data-ultimate-target='.uvc-heading.ultimate-heading-990169dfbcce5c183 h2'  data-responsive-json-new='{\"font-size\":\"desktop:40px;\",\"line-height\":\"\"}' ><h2 style=\"font-family:&#039;Oswald&#039;;font-weight:normal;color:#111111;\">BITTE UM EIN ANGEBOT<\/h2><\/div><\/div><div class=\"w-btn-wrapper align_center\"><a class=\"w-btn us-btn-style_7\" title=\"kontakt\" href=\"https:\/\/3-a.eu\/de\/kontakt\/\"><span class=\"w-btn-label\">KONTAKT<\/span><\/a><\/div><\/div><\/div><\/div><\/div><\/div><\/section>\n<\/div><\/div><\/div><\/div><\/div><\/section>\n","protected":false},"excerpt":{"rendered":"[vc_custom_heading text=\"WEB UND MOBILE ANWENDUNGEN\" font_container=\"tag:h1|text_align:center\" google_fonts=\"font_family:Playfair%20Display%3Aregular%2Citalic%2C700%2C700italic%2C900%2C900italic|font_style:400%20regular%3A400%3Anormal\" css=\"%7B%22default%22%3A%7B%22line-height%22%3A%221%22%2C%22letter-spacing%22%3A%22-0.02em%22%2C%22margin-bottom%22%3A%2210px%22%7D%7D\" el_class=\"title-letter-spacing\"]Wir entwerfen personalisierte Web- und mobile Anwendungen. Die gewonnene Erfahrung erlaubt es uns, Ihre Idee professionell zu bewerten, ihre Rentabilit\u00e4t zu bestimmen, auf der Basis der neuesten Technologien wie PHP, Ajax, JavaScript, XML, MySQL, MSSQL oder Oracle zu entwerfen und zu bauen. Dank der verwendeten Verfahren und...","protected":false},"author":5,"featured_media":0,"parent":0,"menu_order":16,"comment_status":"closed","ping_status":"closed","template":"","meta":{"footnotes":""},"class_list":["post-5352","page","type-page","status-publish","hentry"],"_links":{"self":[{"href":"https:\/\/3-a.eu\/de\/wp-json\/wp\/v2\/pages\/5352","targetHints":{"allow":["GET"]}}],"collection":[{"href":"https:\/\/3-a.eu\/de\/wp-json\/wp\/v2\/pages"}],"about":[{"href":"https:\/\/3-a.eu\/de\/wp-json\/wp\/v2\/types\/page"}],"author":[{"embeddable":true,"href":"https:\/\/3-a.eu\/de\/wp-json\/wp\/v2\/users\/5"}],"replies":[{"embeddable":true,"href":"https:\/\/3-a.eu\/de\/wp-json\/wp\/v2\/comments?post=5352"}],"version-history":[{"count":8,"href":"https:\/\/3-a.eu\/de\/wp-json\/wp\/v2\/pages\/5352\/revisions"}],"predecessor-version":[{"id":9716,"href":"https:\/\/3-a.eu\/de\/wp-json\/wp\/v2\/pages\/5352\/revisions\/9716"}],"wp:attachment":[{"href":"https:\/\/3-a.eu\/de\/wp-json\/wp\/v2\/media?parent=5352"}],"curies":[{"name":"wp","href":"https:\/\/api.w.org\/{rel}","templated":true}]}}