{"id":5373,"date":"2020-11-19T16:48:02","date_gmt":"2020-11-19T15:48:02","guid":{"rendered":"https:\/\/3-a.eu\/?page_id=5373"},"modified":"2026-02-02T11:13:45","modified_gmt":"2026-02-02T10:13:45","slug":"branding","status":"publish","type":"page","link":"https:\/\/3-a.eu\/de\/branding\/","title":{"rendered":"Branding"},"content":{"rendered":"<section class=\"l-section wpb_row us_custom_f7e589c7 height_medium full_height valign_center\"><div class=\"l-section-h i-cf\"><div class=\"g-cols vc_row via_flex valign_middle type_default stacking_default\"><div class=\"vc_col-sm-12 wpb_column vc_column_container\"><div class=\"vc_column-inner\"><div class=\"wpb_wrapper\"><div class=\"ult-animation  ult-animate-viewport  ult-no-mobile \" data-animate=\"fadeInUp\" data-animation-delay=\"0\" data-animation-duration=\"1\" data-animation-iteration=\"1\" style=\"opacity:0;\" data-opacity_start_effect=\"\">[vc_custom_heading text=&#8220;VISUELLE IDENTIFIZIERUNG&#8220; font_container=&#8220;tag:h1|text_align:center&#8220; google_fonts=&#8220;font_family:Playfair%20Display%3Aregular%2Citalic%2C700%2C700italic%2C900%2C900italic|font_style:400%20regular%3A400%3Anormal&#8220; css=&#8220;%7B%22default%22%3A%7B%22line-height%22%3A%221%22%2C%22letter-spacing%22%3A%22-0.02em%22%2C%22margin-bottom%22%3A%2210px%22%7D%7D&#8220; el_class=&#8220;title-letter-spacing&#8220;]<\/div><div class=\"wpb_text_column us_custom_7e62da8d has_text_color\"><div class=\"wpb_wrapper\"><p style=\"text-align: center;\">Branding ist nicht nur ein Logo, sondern eine Reihe verschiedener Aktivit\u00e4ten, die auf den Aufbau einer visuellen Identit\u00e4t abzielen. Damit heben Sie sich von der Konkurrenz ab und Ihre Marke wird wie geplant wahrgenommen.<\/p>\n<p style=\"text-align: center;\">Branding wird Kunden davon \u00fcberzeugen, dass Ihr Unternehmen ihre Erwartungen erf\u00fcllt und dauerhafte Beziehungen zu ihnen schafft. Um dies zu erreichen, helfen wir Ihnen, die Bed\u00fcrfnisse Ihrer Kunden zu erf\u00fcllen und Werte anzubieten, mit denen sie sich identifizieren k\u00f6nnen, wodurch die Marke positive Emotionen und Assoziationen hervorruft. Dank einer richtig geplanten visuellen Identifikation wird Ihre Marke zu einer der wichtigsten Ressourcen des Unternehmens, auf die Sie Ihr finanzielles Kapital aufbauen k\u00f6nnen. Wir werden analysieren, was die wichtigsten Verm\u00f6genswerte Ihres Unternehmens sind, und gemeinsam werden wir eine h\u00f6chst erfolgreiche Marke schaffen.<\/p>\n<p style=\"text-align: center;\">Wir erstellen umfassend das Image Ihrer Marke, angefangen von ihrem Namen und den von Ihnen festgelegten Elementen der visuellen Identit\u00e4t, \u00fcber die Umsetzung der Website bis hin zum Start einer Werbekampagne.<\/p>\n<\/div><\/div><div class=\"wpb_text_column us_custom_6393d88f has_text_color\"><div class=\"wpb_wrapper\"><p style=\"text-align: center;\"><strong>Wir werden Ihnen helfen, eine konsistente und durchdachte Identifikation zu schaffen, deren immaterielles Kapital die Investitionsrendite erh\u00f6ht!<\/strong><\/p>\n<\/div><\/div><div class=\"w-separator size_custom\" style=\"height:20px\"><\/div><div class=\"w-separator size_custom\" style=\"height:1px\"><\/div><div class=\"g-cols wpb_row via_flex valign_top type_default stacking_default\"><div class=\"vc_col-sm-3 wpb_column vc_column_container\"><div class=\"vc_column-inner\"><div class=\"wpb_wrapper\"><\/div><\/div><\/div><div class=\"vc_col-sm-3 wpb_column vc_column_container\"><div class=\"vc_column-inner\"><div class=\"wpb_wrapper\"><div class=\"w-btn-wrapper align_center\"><a class=\"w-btn us-btn-style_8 us_custom_32d22e91\" title=\"Grafiken\" href=\"https:\/\/3-a.eu\/de\/grafiken\/\"><span class=\"w-btn-label\">GRAFIKEN<\/span><\/a><\/div><\/div><\/div><\/div><div class=\"vc_col-sm-3 wpb_column vc_column_container\"><div class=\"vc_column-inner\"><div class=\"wpb_wrapper\"><div class=\"w-btn-wrapper align_center\"><a class=\"w-btn us-btn-style_8 us_custom_32d22e91\" title=\"Grafiken\" href=\"https:\/\/3-a.eu\/de\/druck-von-werbematerialien\/\"><span class=\"w-btn-label\">DRUCKEN<\/span><\/a><\/div><\/div><\/div><\/div><div class=\"vc_col-sm-3 wpb_column vc_column_container\"><div class=\"vc_column-inner\"><div class=\"wpb_wrapper\"><\/div><\/div><\/div><\/div><div class=\"w-separator size_custom\" style=\"height:20px\"><\/div><\/div><\/div><\/div><\/div><\/div><\/section><section class=\"l-section wpb_row height_medium full_height valign_center with_img parallax_fixed\"><div class=\"l-section-img\" role=\"img\" aria-label=\"Bild\" data-img-width=\"2560\" data-img-height=\"1600\" style=\"background-image: url(https:\/\/3-a.eu\/wp-content\/uploads\/2020\/02\/identyfikacja-bg1-scaled.jpg);background-repeat: no-repeat;\"><\/div><div class=\"l-section-h i-cf\"><div class=\"g-cols vc_row via_flex valign_top type_default stacking_default\"><div class=\"vc_col-sm-12 wpb_column vc_column_container has_bg_color\"><div class=\"vc_column-inner us_custom_62f8b072\"><div class=\"wpb_wrapper\">[vc_custom_heading text=&#8220;Wie k\u00f6nnen wir Ihnen helfen?&#8220; font_container=&#8220;tag:h2|text_align:center&#8220; google_fonts=&#8220;font_family:Oswald%3A300%2Cregular%2C700|font_style:400%20regular%3A400%3Anormal&#8220; css=&#8220;%7B%22default%22%3A%7B%22color%22%3A%22%231D1D1B%22%2C%22text-transform%22%3A%22uppercase%22%2C%22font-size%22%3A%2234px%22%2C%22margin-bottom%22%3A%220%22%7D%7D&#8220;]<div class=\"w-separator size_custom\" style=\"height:20px\"><\/div><div class=\"g-cols wpb_row via_flex valign_top type_default stacking_default\"><div class=\"vc_col-sm-4 wpb_column vc_column_container\"><div class=\"vc_column-inner\"><div class=\"wpb_wrapper\"><div id=\"ultimate-heading-593469dfbce833442\" class=\"uvc-heading ult-adjust-bottom-margin ultimate-heading-593469dfbce833442 uvc-2214 \" data-hspacer=\"no_spacer\"  data-halign=\"center\" style=\"text-align:center\"><div class=\"uvc-heading-spacer no_spacer\" style=\"top\"><\/div><div class=\"uvc-main-heading ult-responsive\"  data-ultimate-target='.uvc-heading.ultimate-heading-593469dfbce833442 h3'  data-responsive-json-new='{\"font-size\":\"desktop:20px;\",\"line-height\":\"desktop:25px;\"}' ><h3 style=\"font-weight:bold;color:#d2335b;margin-bottom:10px;\">NAMING<\/h3><\/div><\/div><div class=\"ult-just-icon-wrapper  \"><div class=\"align-icon\" style=\"text-align:center;\">\n<div class=\"aio-icon-img \" style=\"font-size:48px;display:inline-block;\" >\n\t<img decoding=\"async\" class=\"img-icon\" alt=\"null\" src=\"https:\/\/3-a.eu\/wp-content\/uploads\/2020\/02\/content.svg\"\/>\n<\/div><\/div><\/div><div class=\"wpb_text_column us_custom_a16392b1\"><div class=\"wpb_wrapper\"><p style=\"text-align: center;\">Eine starke Marke beginnt immer mit einem eing\u00e4ngigen Namen. Heutzutage in einem sehr wettbewerbsintensiven Markt ist ein leicht zu merkender Name ein Schl\u00fcsselelement und die Grundlage f\u00fcr den Aufbau einer starken Marke. So k\u00f6nnen Sie sich von der Konkurrenz abheben. Deshalb gehen wir die Benennung von Projekten mit gro\u00dfer Sorgfalt und gro\u00dfem Engagement an. Die Verf\u00fcgbarkeit der Namen wird immer in den Online-Datenbanken der UPRP \u00fcberpr\u00fcft.<\/p>\n<\/div><\/div><\/div><\/div><\/div><div class=\"vc_col-sm-4 wpb_column vc_column_container\"><div class=\"vc_column-inner\"><div class=\"wpb_wrapper\"><div id=\"ultimate-heading-868469dfbce833cd4\" class=\"uvc-heading ult-adjust-bottom-margin ultimate-heading-868469dfbce833cd4 uvc-7219 \" data-hspacer=\"no_spacer\"  data-halign=\"center\" style=\"text-align:center\"><div class=\"uvc-heading-spacer no_spacer\" style=\"top\"><\/div><div class=\"uvc-main-heading ult-responsive\"  data-ultimate-target='.uvc-heading.ultimate-heading-868469dfbce833cd4 h3'  data-responsive-json-new='{\"font-size\":\"desktop:20px;\",\"line-height\":\"desktop:25px;\"}' ><h3 style=\"font-weight:bold;color:#d2335b;margin-bottom:10px;\">LOGO<\/h3><\/div><\/div><div class=\"ult-just-icon-wrapper  \"><div class=\"align-icon\" style=\"text-align:center;\">\n<div class=\"aio-icon-img \" style=\"font-size:48px;display:inline-block;\" >\n\t<img decoding=\"async\" class=\"img-icon\" alt=\"null\" src=\"https:\/\/3-a.eu\/wp-content\/uploads\/2020\/02\/sketch.svg\"\/>\n<\/div><\/div><\/div><div class=\"wpb_text_column us_custom_a16392b1\"><div class=\"wpb_wrapper\"><p style=\"text-align: center;\">Es ist ein Schl\u00fcsselelement des visuellen Identifikationssystems jeder Marke, da es das am meisten exponierte grafische Element ist. Ein richtig gestaltetes Logo kodiert im Bewusstsein des Kunden solche Werte und Emotionen, mit denen die Marke identifiziert werden will und erlaubt, sie von der Konkurrenz zu unterscheiden. Aus diesem Grund sind unsere Logos vollst\u00e4ndig an die Pers\u00f6nlichkeit und die Kommunikation der Marke angepasst, so dass sie perfekt zu potenziellen Kunden passen.<\/p>\n<\/div><\/div><\/div><\/div><\/div><div class=\"vc_col-sm-4 wpb_column vc_column_container\"><div class=\"vc_column-inner\"><div class=\"wpb_wrapper\"><div id=\"ultimate-heading-511869dfbce834141\" class=\"uvc-heading ult-adjust-bottom-margin ultimate-heading-511869dfbce834141 uvc-1409 \" data-hspacer=\"no_spacer\"  data-halign=\"center\" style=\"text-align:center\"><div class=\"uvc-heading-spacer no_spacer\" style=\"top\"><\/div><div class=\"uvc-main-heading ult-responsive\"  data-ultimate-target='.uvc-heading.ultimate-heading-511869dfbce834141 h3'  data-responsive-json-new='{\"font-size\":\"desktop:20px;\",\"line-height\":\"desktop:25px;\"}' ><h3 style=\"font-weight:bold;color:#d2335b;margin-bottom:10px;\">BRAND DESIGN<\/h3><\/div><\/div><div class=\"ult-just-icon-wrapper  \"><div class=\"align-icon\" style=\"text-align:center;\">\n<div class=\"aio-icon-img \" style=\"font-size:48px;display:inline-block;\" >\n\t<img decoding=\"async\" class=\"img-icon\" alt=\"null\" src=\"https:\/\/3-a.eu\/wp-content\/uploads\/2020\/02\/creativity.svg\"\/>\n<\/div><\/div><\/div><div class=\"wpb_text_column us_custom_a16392b1\"><div class=\"wpb_wrapper\"><p style=\"text-align: center;\">Mit anderen Worten, das Key Visual definiert die Welt der Marke und ihre festen Bestandteile, die auf Werbematerialien erscheinen. Das Markendesign l\u00e4sst die Marke hervorstechen und garantiert visuelle Originalit\u00e4t. Die richtige visuelle Inszenierung des Unternehmens und der Produkte erh\u00f6ht die Einnahmen unabh\u00e4ngig von anderen Marketingaktivit\u00e4ten. Ein einheitliches Erscheinungsbild ruft die richtigen Assoziationen und Emotionen hervor, die die Grundlage f\u00fcr die Entwicklung des Unternehmens und seine Position auf dem Markt bilden.<\/p>\n<\/div><\/div><\/div><\/div><\/div><\/div><div class=\"w-separator size_custom\" style=\"height:20px\"><\/div><div class=\"g-cols wpb_row via_flex valign_top type_default stacking_default\"><div class=\"vc_col-sm-6 wpb_column vc_column_container\"><div class=\"vc_column-inner\"><div class=\"wpb_wrapper\"><div id=\"ultimate-heading-25969dfbce834630\" class=\"uvc-heading ult-adjust-bottom-margin ultimate-heading-25969dfbce834630 uvc-8074 \" data-hspacer=\"no_spacer\"  data-halign=\"center\" style=\"text-align:center\"><div class=\"uvc-heading-spacer no_spacer\" style=\"top\"><\/div><div class=\"uvc-main-heading ult-responsive\"  data-ultimate-target='.uvc-heading.ultimate-heading-25969dfbce834630 h3'  data-responsive-json-new='{\"font-size\":\"desktop:20px;\",\"line-height\":\"desktop:25px;\"}' ><h3 style=\"font-weight:bold;color:#d2335b;margin-bottom:10px;\">DAS ZEICHENBUCH<\/h3><\/div><\/div><div class=\"ult-just-icon-wrapper  \"><div class=\"align-icon\" style=\"text-align:center;\">\n<div class=\"aio-icon-img \" style=\"font-size:48px;display:inline-block;\" >\n\t<img decoding=\"async\" class=\"img-icon\" alt=\"null\" src=\"https:\/\/3-a.eu\/wp-content\/uploads\/2020\/02\/book.svg\"\/>\n<\/div><\/div><\/div><div class=\"wpb_text_column us_custom_a16392b1\"><div class=\"wpb_wrapper\"><p style=\"text-align: center;\">Ein Dokument, das die Prinzipien der Verwendung des Markenlogos und seiner Designmarke f\u00fcr alle diejenigen beschreibt, die sie verwenden werden. Das Markenbuch ist ein Handbuch f\u00fcr die visuellen Aspekte der Marke. Es stellt einen vollst\u00e4ndigen Querschnitt der visuellen Identifikation dar, einschlie\u00dflich eines Satzes von Farben, Schriften und Designs der meisten Marketingmaterialien des Unternehmens, darunter unter anderem Visitenkarten, Mappen und notwendige Firmenformulare. Es enth\u00e4lt M\u00f6glichkeiten der praktischen Anwendung des graphischen Stils des Unternehmens, der die Aufrechterhaltung eines einheitlichen Images erm\u00f6glicht. Stilkonsistenz ist der beste Weg zum Aufbau eines nachhaltigen Markenwerts.<\/p>\n<\/div><\/div><\/div><\/div><\/div><div class=\"vc_col-sm-6 wpb_column vc_column_container\"><div class=\"vc_column-inner\"><div class=\"wpb_wrapper\"><div id=\"ultimate-heading-142669dfbce834a69\" class=\"uvc-heading ult-adjust-bottom-margin ultimate-heading-142669dfbce834a69 uvc-9644 \" data-hspacer=\"no_spacer\"  data-halign=\"center\" style=\"text-align:center\"><div class=\"uvc-heading-spacer no_spacer\" style=\"top\"><\/div><div class=\"uvc-main-heading ult-responsive\"  data-ultimate-target='.uvc-heading.ultimate-heading-142669dfbce834a69 h3'  data-responsive-json-new='{\"font-size\":\"desktop:20px;\",\"line-height\":\"desktop:25px;\"}' ><h3 style=\"font-weight:bold;color:#d2335b;margin-bottom:10px;\">ERMITTLUNG<\/h3><\/div><\/div><div class=\"ult-just-icon-wrapper  \"><div class=\"align-icon\" style=\"text-align:center;\">\n<div class=\"aio-icon-img \" style=\"font-size:48px;display:inline-block;\" >\n\t<img decoding=\"async\" class=\"img-icon\" alt=\"null\" src=\"https:\/\/3-a.eu\/wp-content\/uploads\/2020\/02\/study.svg\"\/>\n<\/div><\/div><\/div><div class=\"wpb_text_column us_custom_a16392b1\"><div class=\"wpb_wrapper\"><p style=\"text-align: center;\">Sie zielt darauf ab, die visuellen Aspekte der Marke zu transformieren, ihr Image in den Augen der Empf\u00e4nger zu erfrischen und zu modernisieren und so ihren Wert zu steigern. Es ist nicht ungew\u00f6hnlich, dass Unternehmen den Umfang ihrer Aktivit\u00e4ten \u00e4ndern und sich f\u00fcr ein Rebranding entscheiden. Jedes Rebranding-Projekt beginnt mit einer Analyse des aktuellen Images des Unternehmens, in deren Verlauf wir seine st\u00e4rksten St\u00e4rken und schw\u00e4chsten Punkte ausw\u00e4hlen. Auf der Grundlage einer gr\u00fcndlichen Analyse empfehlen wir dann \u00c4nderungen, die der Marke ein aufgefrischtes Image verleihen und ihren Wert st\u00e4rken.<\/p>\n<\/div><\/div><\/div><\/div><\/div><\/div><div class=\"w-separator size_custom\" style=\"height:20px\"><\/div><div class=\"w-btn-wrapper align_center\"><a class=\"w-btn us-btn-style_5\" title=\"kontakt\" href=\"https:\/\/3-a.eu\/de\/kontakt\/\"><span class=\"w-btn-label\">Kontakt<\/span><\/a><\/div><div class=\"w-separator size_custom\" style=\"height:20px\"><\/div><\/div><\/div><\/div><\/div><\/div><\/section><section class=\"l-section wpb_row us_custom_8535c5f4 height_medium\"><div class=\"l-section-h i-cf\"><div class=\"g-cols vc_row via_flex valign_top type_default stacking_default\"><div class=\"vc_col-sm-12 wpb_column vc_column_container\"><div class=\"vc_column-inner\"><div class=\"wpb_wrapper\">[vc_custom_heading text=&#8220;Wie viel kostet es?&#8220; font_container=&#8220;tag:h2|text_align:center&#8220; google_fonts=&#8220;font_family:Oswald%3A300%2Cregular%2C700|font_style:400%20regular%3A400%3Anormal&#8220; css=&#8220;%7B%22default%22%3A%7B%22color%22%3A%22%231D1D1B%22%2C%22text-transform%22%3A%22uppercase%22%2C%22font-size%22%3A%2234px%22%2C%22margin-bottom%22%3A%220%22%7D%7D&#8220;]<div class=\"w-separator size_custom\" style=\"height:20px\"><\/div><div class=\"ult-just-icon-wrapper  \"><div class=\"align-icon\" style=\"text-align:center;\">\n<div class=\"aio-icon-img \" style=\"font-size:48px;display:inline-block;\" >\n\t<img decoding=\"async\" class=\"img-icon\" alt=\"null\" src=\"https:\/\/3-a.eu\/wp-content\/uploads\/2020\/03\/budget.svg\"\/>\n<\/div><\/div><\/div><div class=\"w-separator size_custom\" style=\"height:20px\"><\/div><div class=\"wpb_text_column us_custom_d7d4b73d\"><div class=\"wpb_wrapper\"><p style=\"text-align: center;\">Die Bewertung der Aktivit\u00e4ten wird individuell auf der Grundlage des Arbeitsumfangs festgelegt. Wenden Sie sich daher f\u00fcr eine kostenlose Projektbewertung an uns, und unsere Spezialisten helfen Ihnen nicht nur bei der Erstellung von externen Attributen der Marke, sondern auch bei der Erstellung einer funktionellen Website oder von Werbematerialien, die die Verkaufsprozesse unterst\u00fctzen!<\/p>\n<\/div><\/div><section class=\"l-section wpb_row us_custom_fdcab3db height_medium\"><div class=\"l-section-h i-cf\"><div class=\"g-cols vc_row via_flex valign_top type_default stacking_default\"><div class=\"vc_col-sm-12 wpb_column vc_column_container\"><div class=\"vc_column-inner\"><div class=\"wpb_wrapper\"><div id=\"ultimate-heading-573269dfbce835ece\" class=\"uvc-heading ult-adjust-bottom-margin ultimate-heading-573269dfbce835ece uvc-5987 \" data-hspacer=\"no_spacer\"  data-halign=\"center\" style=\"text-align:center\"><div class=\"uvc-heading-spacer no_spacer\" style=\"top\"><\/div><div class=\"uvc-main-heading ult-responsive\"  data-ultimate-target='.uvc-heading.ultimate-heading-573269dfbce835ece h2'  data-responsive-json-new='{\"font-size\":\"desktop:40px;\",\"line-height\":\"\"}' ><h2 style=\"font-family:&#039;Oswald&#039;;font-weight:normal;color:#111111;\">BITTE UM EIN ANGEBOT<\/h2><\/div><\/div><div class=\"w-btn-wrapper align_center\"><a class=\"w-btn us-btn-style_7\" title=\"kontakt\" href=\"https:\/\/3-a.eu\/de\/kontakt\/\"><span class=\"w-btn-label\">KONTAKT<\/span><\/a><\/div><\/div><\/div><\/div><\/div><\/div><\/section>\n<\/div><\/div><\/div><\/div><\/div><\/section>\n","protected":false},"excerpt":{"rendered":"[vc_custom_heading text=\"VISUELLE IDENTIFIZIERUNG\" font_container=\"tag:h1|text_align:center\" google_fonts=\"font_family:Playfair%20Display%3Aregular%2Citalic%2C700%2C700italic%2C900%2C900italic|font_style:400%20regular%3A400%3Anormal\" css=\"%7B%22default%22%3A%7B%22line-height%22%3A%221%22%2C%22letter-spacing%22%3A%22-0.02em%22%2C%22margin-bottom%22%3A%2210px%22%7D%7D\" el_class=\"title-letter-spacing\"]Branding ist nicht nur ein Logo, sondern eine Reihe verschiedener Aktivit\u00e4ten, die auf den Aufbau einer visuellen Identit\u00e4t abzielen. Damit heben Sie sich von der Konkurrenz ab und Ihre Marke wird wie geplant wahrgenommen. Branding wird Kunden davon \u00fcberzeugen, dass Ihr Unternehmen ihre Erwartungen erf\u00fcllt und dauerhafte Beziehungen zu...","protected":false},"author":5,"featured_media":0,"parent":0,"menu_order":15,"comment_status":"closed","ping_status":"closed","template":"","meta":{"footnotes":""},"class_list":["post-5373","page","type-page","status-publish","hentry"],"_links":{"self":[{"href":"https:\/\/3-a.eu\/de\/wp-json\/wp\/v2\/pages\/5373","targetHints":{"allow":["GET"]}}],"collection":[{"href":"https:\/\/3-a.eu\/de\/wp-json\/wp\/v2\/pages"}],"about":[{"href":"https:\/\/3-a.eu\/de\/wp-json\/wp\/v2\/types\/page"}],"author":[{"embeddable":true,"href":"https:\/\/3-a.eu\/de\/wp-json\/wp\/v2\/users\/5"}],"replies":[{"embeddable":true,"href":"https:\/\/3-a.eu\/de\/wp-json\/wp\/v2\/comments?post=5373"}],"version-history":[{"count":4,"href":"https:\/\/3-a.eu\/de\/wp-json\/wp\/v2\/pages\/5373\/revisions"}],"predecessor-version":[{"id":9625,"href":"https:\/\/3-a.eu\/de\/wp-json\/wp\/v2\/pages\/5373\/revisions\/9625"}],"wp:attachment":[{"href":"https:\/\/3-a.eu\/de\/wp-json\/wp\/v2\/media?parent=5373"}],"curies":[{"name":"wp","href":"https:\/\/api.w.org\/{rel}","templated":true}]}}