{"id":5387,"date":"2020-11-19T16:53:16","date_gmt":"2020-11-19T15:53:16","guid":{"rendered":"https:\/\/3-a.eu\/?page_id=5387"},"modified":"2020-11-26T02:47:18","modified_gmt":"2020-11-26T01:47:18","slug":"arbeit","status":"publish","type":"page","link":"https:\/\/3-a.eu\/de\/arbeit\/","title":{"rendered":"Arbeit"},"content":{"rendered":"<section class=\"l-section wpb_row us_custom_5f85cb86 height_small\"><div class=\"l-section-h i-cf\"><div class=\"g-cols vc_row via_flex valign_middle type_default stacking_default\"><div class=\"vc_col-sm-12 wpb_column vc_column_container\"><div class=\"vc_column-inner\"><div class=\"wpb_wrapper\">[vc_custom_heading text=&#8220;ARBEIT&#8220; font_container=&#8220;tag:h2|text_align:center&#8220; google_fonts=&#8220;font_family:Playfair%20Display%3Aregular%2Citalic%2C700%2C700italic%2C900%2C900italic|font_style:400%20regular%3A400%3Anormal&#8220; css=&#8220;%7B%22default%22%3A%7B%22font-size%22%3A%2250px%22%2C%22line-height%22%3A%221%22%7D%7D&#8220;]<\/div><\/div><\/div><\/div><\/div><\/section><section class=\"l-section wpb_row height_huge\"><div class=\"l-section-h i-cf\"><div class=\"g-cols vc_row via_flex valign_top type_default stacking_default\"><div class=\"vc_col-sm-12 wpb_column vc_column_container\"><div class=\"vc_column-inner\"><div class=\"wpb_wrapper\"><div class=\"wpb_text_column text-center\"><div class=\"wpb_wrapper\"><h1>Rekrutierung<\/h1>\n<\/div><\/div><div class=\"ult-just-icon-wrapper  \"><div class=\"align-icon\" style=\"text-align:center;\">\n<div class=\"aio-icon-img \" style=\"font-size:58px;display:inline-block;\" >\n\t<img decoding=\"async\" class=\"img-icon\" alt=\"null\" src=\"https:\/\/3-a.eu\/wp-content\/uploads\/2020\/03\/recruitment.svg\"\/>\n<\/div><\/div><\/div><div class=\"w-separator size_custom\" style=\"height:20px\"><\/div><div class=\"w-tabs us_custom_b4198c51 style_default switch_click accordion has_scrolling\" style=\"--sections-title-size:inherit\"><div class=\"w-tabs-sections titles-align_none icon_chevron cpos_right\"><div class=\"w-tabs-section\" id=\"q857\"><button class=\"w-tabs-section-header\" aria-controls=\"content-q857\" aria-expanded=\"false\"><div class=\"w-tabs-section-title\">Account Manager<\/div><div class=\"w-tabs-section-control\"><\/div><\/button><div  class=\"w-tabs-section-content\" id=\"content-q857\"><div class=\"w-tabs-section-content-h i-cf\"><div class=\"wpb_text_column text-center\"><div class=\"wpb_wrapper\"><h2 style=\"text-align: center;\"><strong>Account Manager<\/strong><\/h2>\n<\/div><\/div><div class=\"wpb_text_column\"><div class=\"wpb_wrapper\"><p><strong>Wollen Sie Ihr Kontaktnetz ausbauen und durch Online-Werbekampagnen neue Kunden f\u00fcr sich gewinnen?<\/strong><\/p>\n<p style=\"text-align: center;\"><strong>Schreiben Sie uns! &#8211; <a href=\"mailto:kariera@3-a.eu\">kariera@3-a.eu<\/a><\/strong><\/p>\n<p style=\"text-align: center;\">Wir stellen 2 neue Mitarbeiter f\u00fcr die Stelle ein<br \/>\n<strong>Account Manager<\/strong><\/p>\n<p>&nbsp;<\/p>\n<h2 style=\"text-align: center;\">Aufgaben<\/h2>\n<ul>\n<li>Aktive Akquisition neuer Kunden und Pflege professioneller und langfristiger Beziehungen zu bestehenden Kunden,<\/li>\n<li>Erforschung der Kundenbed\u00fcrfnisse, Erstellung eines Marketing-Aktionsplans und Beratung zum Produktportfolio des Unternehmens,<\/li>\n<li>Verkaufsservice (Vorbereitung von Angeboten, Treffen mit Kunden, Gewinnung von Auftr\u00e4gen von Kunden, Abschluss von Vertr\u00e4gen, Aufbau eines positiven Firmenimages).<\/li>\n<\/ul>\n<h2 style=\"text-align: center;\">Wenn Sie unsere Anforderungen erf\u00fcllen<\/h2>\n<ul>\n<li>Erfahrung mit der Arbeit in einer \u00e4hnlichen Verkaufs- oder verwandten Position in einer Werbe-, Medien-, Event- oder anderen Marketing-Agentur,<\/li>\n<li>Leichtigkeit, mit anderen zu kommunizieren und die Bed\u00fcrfnisse und Anforderungen der Kunden zu verstehen<\/li>\n<li>Kenntnisse \u00fcber Internet-Marketing, Google, Internet-Analytik und Internet-Werbemarkt,<\/li>\n<li>Effiziente Vorbereitung von Handelsangeboten und Pr\u00e4sentationen,<\/li>\n<li>Demonstration von Erfolg beim Aufbau langfristiger Gesch\u00e4ftsbeziehungen und Initiative in Aktion,<\/li>\n<li>Ihren Plan zu haben, um das Ziel zu erreichen,<\/li>\n<li>Effiziente Organisation der eigenen Arbeit,<\/li>\n<li>Starke Motivation und gro\u00dfes Engagement f\u00fcr die Arbeit,<\/li>\n<li>Sehr gute Kenntnisse in mindestens einer Fremdsprache, Kenntnisse in weiteren Sprachen werden von zus\u00e4tzlichem Vorteil sein,<\/li>\n<li>Excel-Kenntnisse mindestens auf einem mittleren Niveau und die F\u00e4higkeit, Berichte zu erstellen,<\/li>\n<li>Sie k\u00f6nnen gerne wissen: <strong>Google Ads<\/strong>, <strong>Facebook Ads<\/strong>, <strong>Google Analytics<\/strong>, <strong>WordPress<\/strong>.<\/li>\n<\/ul>\n<h2 style=\"text-align: center;\">Senden Sie uns Ihren Lebenslauf<\/h2>\n<\/div><\/div><div class=\"w-btn-wrapper align_center\"><a class=\"w-btn us-btn-style_5\" href=\"mailto:kariera@3-a.eu?subject=Account Manager\"><span class=\"w-btn-label\">Ich beantrage<\/span><\/a><\/div><\/div><\/div><\/div><div class=\"w-tabs-section\" id=\"db3e\"><button class=\"w-tabs-section-header\" aria-controls=\"content-db3e\" aria-expanded=\"false\"><div class=\"w-tabs-section-title\">Praktika und Lehrstellen bei der 3-A Marketing-Agentur<\/div><div class=\"w-tabs-section-control\"><\/div><\/button><div  class=\"w-tabs-section-content\" id=\"content-db3e\"><div class=\"w-tabs-section-content-h i-cf\"><div class=\"wpb_text_column text-center\"><div class=\"wpb_wrapper\"><h2 style=\"text-align: center;\"><strong>Praktika und Lehrstellen bei der 3-A Marketing-Agentur<\/strong><\/h2>\n<\/div><\/div><div class=\"wpb_text_column\"><div class=\"wpb_wrapper\"><p style=\"text-align: center;\"><strong>Sind Sie im 4. oder 5. Studienjahr oder haben Sie k\u00fcrzlich Ihren Abschluss gemacht?<\/strong><\/p>\n<p style=\"text-align: center;\"><strong>Wollen Sie Erfahrung in der Durchf\u00fchrung von Marketing- und Werbekampagnen und Kunden-Websites sammeln?<\/strong><\/p>\n<p style=\"text-align: center;\"><strong> Sie haben bereits einige Kenntnisse in einigen ausgew\u00e4hlten Themen unten und m\u00f6chten sich in diese Richtungen entwickeln?<\/strong><\/p>\n<p style=\"text-align: center;\"><strong> Sprechen Sie mindestens zwei Fremdsprachen?<\/strong><\/p>\n<p style=\"text-align: center;\"><strong> Schreiben Sie uns! &#8211; <a href=\"mailto:kariera@3-a.eu\">kariera@3-a.eu<\/a><br \/>\n<\/strong><\/p>\n<p>&nbsp;<\/p>\n<h2 style=\"text-align: center;\">Wenn Sie schon einmal<\/h2>\n<ul>\n<li>Sprechen Sie mit Kunden und analysieren Sie ihre Bed\u00fcrfnisse. Sie m\u00f6chten die besten L\u00f6sungen f\u00fcr sie ausw\u00e4hlen und ein Netzwerk von Gesch\u00e4ftskontakten aufbauen,<\/li>\n<li>Google Ads oder Facebook und Sie m\u00f6chten Werbekampagnen in Polen und im Ausland durchf\u00fchren,<\/li>\n<li>WordPress und UX und Sie m\u00f6chten effektive Websites entwerfen, die die Ziele Ihrer Kunden erf\u00fcllen,<\/li>\n<li>Positionierung bei Google und Sie m\u00f6chten Ihre Website optimieren,<\/li>\n<li>Copywriting und Sie m\u00f6chten wertvolle Inhalte erstellen,<\/li>\n<li>Computergrafik und Sie m\u00f6chten Display-Anzeigen in Google Ads, auf Websites und in sozialen Medien erstellen,<\/li>\n<li>YouTube und Sie m\u00f6chten wertvolles Bildmaterial und Filmanzeigen erstellen und Youtube-Kan\u00e4le betreiben,<\/li>\n<li>Social Media und Sie m\u00f6chten ansprechende Inhalte auf Facebook, Instagram, Twitter oder LinkedIn erstellen,<\/li>\n<li>Analysewerkzeuge, und Sie m\u00f6chten die Effektivit\u00e4t des Online-Marketings durch Branchen-, Wettbewerbs- und Kampagneninformationen verbessern,<\/li>\n<li>Die Kunst, sein Wissen und seine Erfahrung auf effektive Weise an andere Menschen weiterzugeben,<\/li>\n<\/ul>\n<h2 style=\"text-align: center;\">Sie sind ein guter Kandidat &#8211; senden Sie uns Ihren Lebenslauf, eine Beschreibung Ihrer bisherigen F\u00e4higkeiten und die Richtungen, in die Sie sich entwickeln m\u00f6chten.<\/h2>\n<p>Wir schaffen flexible Arbeitspl\u00e4tze basierend auf Ihren Kompetenzen und den Bed\u00fcrfnissen unserer Kunden. Zurzeit suchen wir in erster Linie Kandidaten f\u00fcr die Gestaltung und Entwicklung von Websites f\u00fcr WordPress und UX, f\u00fcr die Durchf\u00fchrung von Google-Ads-Kampagnen in Polnisch und allen anderen europ\u00e4ischen Sprachen sowie f\u00fcr die Herstellung von Gesch\u00e4ftskontakten und Gespr\u00e4chen mit Kunden. Wir ziehen es vor, mindestens 2 Fremdsprachen auf B2-Niveau zu sprechen.<\/p>\n<\/div><\/div><div class=\"w-btn-wrapper align_center\"><a class=\"w-btn us-btn-style_5\" href=\"mailto:kariera@3-a.eu?subject=Kariera w 3-A\"><span class=\"w-btn-label\">Ich beantrage<\/span><\/a><\/div><\/div><\/div><\/div><\/div><\/div><\/div><\/div><\/div><\/div><\/div><\/section>\n","protected":false},"excerpt":{"rendered":"[vc_custom_heading text=\"ARBEIT\" font_container=\"tag:h2|text_align:center\" google_fonts=\"font_family:Playfair%20Display%3Aregular%2Citalic%2C700%2C700italic%2C900%2C900italic|font_style:400%20regular%3A400%3Anormal\" css=\"%7B%22default%22%3A%7B%22font-size%22%3A%2250px%22%2C%22line-height%22%3A%221%22%7D%7D\"]Rekrutierung Account ManagerAccount Manager Wollen Sie Ihr Kontaktnetz ausbauen und durch Online-Werbekampagnen neue Kunden f\u00fcr sich gewinnen? Schreiben Sie uns! &#8211; kariera@3-a.eu Wir stellen 2 neue Mitarbeiter f\u00fcr die Stelle ein Account Manager &nbsp; Aufgaben Aktive Akquisition neuer Kunden und Pflege professioneller und langfristiger Beziehungen zu bestehenden Kunden, Erforschung der Kundenbed\u00fcrfnisse,...","protected":false},"author":5,"featured_media":0,"parent":0,"menu_order":12,"comment_status":"closed","ping_status":"closed","template":"","meta":{"footnotes":""},"class_list":["post-5387","page","type-page","status-publish","hentry"],"_links":{"self":[{"href":"https:\/\/3-a.eu\/de\/wp-json\/wp\/v2\/pages\/5387","targetHints":{"allow":["GET"]}}],"collection":[{"href":"https:\/\/3-a.eu\/de\/wp-json\/wp\/v2\/pages"}],"about":[{"href":"https:\/\/3-a.eu\/de\/wp-json\/wp\/v2\/types\/page"}],"author":[{"embeddable":true,"href":"https:\/\/3-a.eu\/de\/wp-json\/wp\/v2\/users\/5"}],"replies":[{"embeddable":true,"href":"https:\/\/3-a.eu\/de\/wp-json\/wp\/v2\/comments?post=5387"}],"version-history":[{"count":0,"href":"https:\/\/3-a.eu\/de\/wp-json\/wp\/v2\/pages\/5387\/revisions"}],"wp:attachment":[{"href":"https:\/\/3-a.eu\/de\/wp-json\/wp\/v2\/media?parent=5387"}],"curies":[{"name":"wp","href":"https:\/\/api.w.org\/{rel}","templated":true}]}}