{"id":5481,"date":"2020-11-19T17:18:23","date_gmt":"2020-11-19T16:18:23","guid":{"rendered":"https:\/\/3-a.eu\/?page_id=5481"},"modified":"2026-02-04T13:20:08","modified_gmt":"2026-02-04T12:20:08","slug":"urheberrecht","status":"publish","type":"page","link":"https:\/\/3-a.eu\/de\/urheberrecht\/","title":{"rendered":"Texterstellung"},"content":{"rendered":"<section class=\"l-section wpb_row us_custom_f7e589c7 height_medium full_height valign_center\"><div class=\"l-section-h i-cf\"><div class=\"g-cols vc_row via_flex valign_middle type_default stacking_default\"><div class=\"vc_col-sm-12 wpb_column vc_column_container\"><div class=\"vc_column-inner\"><div class=\"wpb_wrapper\"><div class=\"ult-animation  ult-animate-viewport  ult-no-mobile \" data-animate=\"fadeInUp\" data-animation-delay=\"0\" data-animation-duration=\"1\" data-animation-iteration=\"1\" style=\"opacity:0;\" data-opacity_start_effect=\"\">[vc_custom_heading text=&#8220;ERSTELLUNG VON FACHTEXTEN&#8220; font_container=&#8220;tag:h1|text_align:center&#8220; google_fonts=&#8220;font_family:Playfair%20Display%3Aregular%2Citalic%2C700%2C700italic%2C900%2C900italic|font_style:400%20regular%3A400%3Anormal&#8220; css=&#8220;%7B%22default%22%3A%7B%22line-height%22%3A%221%22%2C%22letter-spacing%22%3A%22-0.02em%22%2C%22margin-bottom%22%3A%2210px%22%7D%7D&#8220; el_class=&#8220;title-letter-spacing&#8220;]<\/div><div class=\"wpb_text_column us_custom_7e62da8d has_text_color\"><div class=\"wpb_wrapper\"><p style=\"text-align: center;\">Wir bereiten f\u00fcr Sie attraktive Inhalte vor, die Ihre potenziellen Kunden anziehen.. Wir gestalten Werbeinhalte so, dass sie sich f\u00fcr Sie rechnen. Wir k\u00fcmmern uns um die Erstellung und Bearbeitung von Texten zu jedem m\u00f6glichen Thema Ihrer Wahl, Sie erh\u00f6hen die Effektivit\u00e4t des Vertriebs dank der entsprechenden Inhalte, die sich auf Ihre Branche beziehen.<\/p>\n<\/div><\/div><\/div><\/div><\/div><\/div><\/div><\/section><section class=\"l-section wpb_row height_medium full_height valign_center with_img parallax_fixed\"><div class=\"l-section-img\" role=\"img\" aria-label=\"Bild\" data-img-width=\"2560\" data-img-height=\"1620\" style=\"background-image: url(https:\/\/3-a.eu\/wp-content\/uploads\/2020\/02\/copywriting-bg-1.jpg);background-repeat: no-repeat;\"><\/div><div class=\"l-section-h i-cf\"><div class=\"g-cols vc_row via_flex valign_top type_default stacking_default\"><div class=\"vc_col-sm-12 wpb_column vc_column_container has_bg_color\"><div class=\"vc_column-inner us_custom_62f8b072\"><div class=\"wpb_wrapper\">[vc_custom_heading text=&#8220;Warum Copywriting?&#8220; font_container=&#8220;tag:h2|text_align:center&#8220; google_fonts=&#8220;font_family:Oswald%3A300%2Cregular%2C700|font_style:400%20regular%3A400%3Anormal&#8220; css=&#8220;%7B%22default%22%3A%7B%22color%22%3A%22%231D1D1B%22%2C%22text-transform%22%3A%22uppercase%22%2C%22font-size%22%3A%2234px%22%2C%22margin-bottom%22%3A%220%22%7D%7D&#8220;]<div class=\"wpb_text_column us_custom_dbb18e05 has_text_color\"><div class=\"wpb_wrapper\"><p style=\"text-align: center;\">Als Teil des Copywriting erstellen wir effektive Marketinginhalte, die sowohl kunden- als auch suchmaschinenfreundlich sind. Der von uns erstellte einzigartige Inhalt ermutigt die Nutzer zum Handeln, tr\u00e4gt die Position Ihrer Website und hilft Ihnen, die Ziele zu erreichen, die Sie sich f\u00fcr Ihr Unternehmen gesetzt haben. Unser Team besteht aus \u00e4u\u00dferst kreativen und leidenschaftlichen Menschen, die keine langweiligen Stunt-Muster tolerieren. Mit ihrer Hilfe wird Ihre Marke im Web auffallen!<\/p>\n<\/div><\/div><div class=\"w-separator size_custom\" style=\"height:20px\"><\/div><div class=\"g-cols wpb_row via_flex valign_top type_default stacking_default\"><div class=\"vc_col-sm-4 wpb_column vc_column_container\"><div class=\"vc_column-inner\"><div class=\"wpb_wrapper\"><div id=\"ultimate-heading-519569dfbcc59d1c0\" class=\"uvc-heading ult-adjust-bottom-margin ultimate-heading-519569dfbcc59d1c0 uvc-8221 \" data-hspacer=\"no_spacer\"  data-halign=\"center\" style=\"text-align:center\"><div class=\"uvc-heading-spacer no_spacer\" style=\"top\"><\/div><div class=\"uvc-main-heading ult-responsive\"  data-ultimate-target='.uvc-heading.ultimate-heading-519569dfbcc59d1c0 h3'  data-responsive-json-new='{\"font-size\":\"desktop:20px;\",\"line-height\":\"desktop:25px;\"}' ><h3 style=\"font-weight:bold;color:#d2335b;margin-bottom:10px;\">Organische Bewegung<\/h3><\/div><\/div><div class=\"ult-just-icon-wrapper  \"><div class=\"align-icon\" style=\"text-align:center;\">\n<div class=\"aio-icon-img \" style=\"font-size:48px;display:inline-block;\" >\n\t<img decoding=\"async\" class=\"img-icon\" alt=\"null\" src=\"https:\/\/3-a.eu\/wp-content\/uploads\/2020\/02\/typewriter.svg\"\/>\n<\/div><\/div><\/div><div class=\"wpb_text_column us_custom_a16392b1\"><div class=\"wpb_wrapper\"><p style=\"text-align: center;\">Durch die Investition in qualitativ hochwertiges Copywriting erh\u00f6hen Sie die Sichtbarkeit Ihrer Website in den Suchmaschinen. Auf diese Weise erhalten Sie Traffic auf Ihre Website, und ansprechende und wertvolle Inhalte halten Ihre Kunden l\u00e4nger. Unser optimierter Inhalt wird daf\u00fcr sorgen, dass Ihre Website die Spitzenpositionen bei Google erreicht, so dass Ihr Kunde bei der Suche nach Passw\u00f6rtern f\u00fcr ein von Ihnen angebotenes Produkt oder eine Dienstleistung Ihr Angebot findet!<\/p>\n<\/div><\/div><\/div><\/div><\/div><div class=\"vc_col-sm-4 wpb_column vc_column_container\"><div class=\"vc_column-inner\"><div class=\"wpb_wrapper\"><div id=\"ultimate-heading-516669dfbcc59dc49\" class=\"uvc-heading ult-adjust-bottom-margin ultimate-heading-516669dfbcc59dc49 uvc-5581 \" data-hspacer=\"no_spacer\"  data-halign=\"center\" style=\"text-align:center\"><div class=\"uvc-heading-spacer no_spacer\" style=\"top\"><\/div><div class=\"uvc-main-heading ult-responsive\"  data-ultimate-target='.uvc-heading.ultimate-heading-516669dfbcc59dc49 h3'  data-responsive-json-new='{\"font-size\":\"desktop:20px;\",\"line-height\":\"desktop:25px;\"}' ><h3 style=\"font-weight:bold;color:#d2335b;margin-bottom:10px;\">Vertrauen aufbauen<\/h3><\/div><\/div><div class=\"ult-just-icon-wrapper  \"><div class=\"align-icon\" style=\"text-align:center;\">\n<div class=\"aio-icon-img \" style=\"font-size:48px;display:inline-block;\" >\n\t<img decoding=\"async\" class=\"img-icon\" alt=\"null\" src=\"https:\/\/3-a.eu\/wp-content\/uploads\/2020\/02\/build.svg\"\/>\n<\/div><\/div><\/div><div class=\"wpb_text_column us_custom_a16392b1\"><div class=\"wpb_wrapper\"><p style=\"text-align: center;\">Durch die regelm\u00e4\u00dfige Erstellung und Verbreitung professioneller Texte bauen Sie auf \u00e4u\u00dferst effektive Weise das Bewusstsein f\u00fcr Ihre Marke auf. Wertvolle Inhalte sorgen daf\u00fcr, dass die Besucher Ihrer Website beginnen, Sie als Experten in der Branche, in der Sie t\u00e4tig sind, zu sehen. Hochwertiges Copywriting wird Ihnen helfen, Vertrauen und eine langfristige Beziehung zu Ihren Kunden aufzubauen. Dies wird sich zweifellos in Ihrem Gewinn niederschlagen, denn die Kunden kaufen lieber bei Unternehmen, die ihre Bed\u00fcrfnisse verstehen, professionell und kompetent auf ihrem Gebiet sind. Das professionelle Image Ihrer Marke macht sie automatisch zur ersten Wahl der Kunden.<\/p>\n<\/div><\/div><\/div><\/div><\/div><div class=\"vc_col-sm-4 wpb_column vc_column_container\"><div class=\"vc_column-inner\"><div class=\"wpb_wrapper\"><div id=\"ultimate-heading-931969dfbcc59e5da\" class=\"uvc-heading ult-adjust-bottom-margin ultimate-heading-931969dfbcc59e5da uvc-4820 \" data-hspacer=\"no_spacer\"  data-halign=\"center\" style=\"text-align:center\"><div class=\"uvc-heading-spacer no_spacer\" style=\"top\"><\/div><div class=\"uvc-main-heading ult-responsive\"  data-ultimate-target='.uvc-heading.ultimate-heading-931969dfbcc59e5da h3'  data-responsive-json-new='{\"font-size\":\"desktop:20px;\",\"line-height\":\"desktop:25px;\"}' ><h3 style=\"font-weight:bold;color:#d2335b;margin-bottom:10px;\">Anstieg der Einnahmen<\/h3><\/div><\/div><div class=\"ult-just-icon-wrapper  \"><div class=\"align-icon\" style=\"text-align:center;\">\n<div class=\"aio-icon-img \" style=\"font-size:48px;display:inline-block;\" >\n\t<img decoding=\"async\" class=\"img-icon\" alt=\"null\" src=\"https:\/\/3-a.eu\/wp-content\/uploads\/2020\/02\/growth.svg\"\/>\n<\/div><\/div><\/div><div class=\"wpb_text_column us_custom_a16392b1\"><div class=\"wpb_wrapper\"><p style=\"text-align: center;\">Nichts treibt den Verkauf wirksamer an als das Vertrauen der Verbraucher, und nichts baut das Vertrauen im Internet so effektiv auf wie professionelle Inhalte! Aus diesem Grund ist Copywriting eine gro\u00dfartige M\u00f6glichkeit, mehr Kunden zu gewinnen. In Kombination mit <a href=\"https:\/\/3-a.eu\/de\/content-marketing\/\"><u>Content-Marketing<\/u><\/a> ist dies eine der effektivsten M\u00f6glichkeiten zur Gewinnsteigerung. Dank der fachkundigen Inhalte werden Sie Benutzer f\u00fcr den E-Shop gewinnen und Konversionen generieren. Wir schreiben nicht um der Kunst willen &#8211; unsere Inhalte sollen Ihre Gesch\u00e4ftsziele erreichen!<\/p>\n<\/div><\/div><\/div><\/div><\/div><\/div><div class=\"w-separator size_custom\" style=\"height:20px\"><\/div><div class=\"w-btn-wrapper align_center\"><a class=\"w-btn us-btn-style_5\" title=\"kontakt\" href=\"https:\/\/3-a.eu\/de\/kontakt\/\"><span class=\"w-btn-label\">KONTAKT<\/span><\/a><\/div><\/div><\/div><\/div><\/div><\/div><\/section><section class=\"l-section wpb_row height_medium full_height valign_center with_img parallax_fixed\"><div class=\"l-section-img\" role=\"img\" aria-label=\"Bild\" data-img-width=\"2560\" data-img-height=\"1620\" style=\"background-image: url(https:\/\/3-a.eu\/wp-content\/uploads\/2020\/02\/copywriting-bg-1.jpg);background-repeat: no-repeat;\"><\/div><div class=\"l-section-h i-cf\"><div class=\"g-cols vc_row via_flex valign_top type_default stacking_default\"><div class=\"vc_col-sm-12 wpb_column vc_column_container has_bg_color\"><div class=\"vc_column-inner us_custom_62f8b072\"><div class=\"wpb_wrapper\">[vc_custom_heading text=&#8220;Arten von Inhalten&#8220; font_container=&#8220;tag:h2|text_align:center&#8220; google_fonts=&#8220;font_family:Oswald%3A300%2Cregular%2C700|font_style:400%20regular%3A400%3Anormal&#8220; css=&#8220;%7B%22default%22%3A%7B%22color%22%3A%22%231D1D1B%22%2C%22text-transform%22%3A%22uppercase%22%2C%22font-size%22%3A%2234px%22%2C%22margin-bottom%22%3A%220%22%7D%7D&#8220;]<div class=\"w-separator size_custom\" style=\"height:20px\"><\/div><div class=\"g-cols wpb_row via_flex valign_top type_default stacking_default\"><div class=\"vc_col-sm-6 wpb_column vc_column_container\"><div class=\"vc_column-inner\"><div class=\"wpb_wrapper\"><div id=\"ultimate-heading-410469dfbcc59f89d\" class=\"uvc-heading ult-adjust-bottom-margin ultimate-heading-410469dfbcc59f89d uvc-1674 \" data-hspacer=\"no_spacer\"  data-halign=\"center\" style=\"text-align:center\"><div class=\"uvc-heading-spacer no_spacer\" style=\"top\"><\/div><div class=\"uvc-main-heading ult-responsive\"  data-ultimate-target='.uvc-heading.ultimate-heading-410469dfbcc59f89d h3'  data-responsive-json-new='{\"font-size\":\"desktop:20px;\",\"line-height\":\"desktop:25px;\"}' ><h3 style=\"font-weight:bold;color:#d2335b;margin-bottom:10px;\">Inhalt f\u00fcr die Website<\/h3><\/div><\/div><div class=\"ult-just-icon-wrapper  \"><div class=\"align-icon\" style=\"text-align:center;\">\n<div class=\"aio-icon-img \" style=\"font-size:48px;display:inline-block;\" >\n\t<img decoding=\"async\" class=\"img-icon\" alt=\"null\" src=\"https:\/\/3-a.eu\/wp-content\/uploads\/2020\/03\/data2.svg\"\/>\n<\/div><\/div><\/div><div class=\"wpb_text_column us_custom_a16392b1\"><div class=\"wpb_wrapper\"><p style=\"text-align: center;\">Jede Website, die eine hohe Position in Suchmaschinen und auf dem Markt erreichen will, muss eine Menge einzigartiger Inhalte auf jeder Unterseite haben. Sie ist sowohl f\u00fcr die Suchmaschinenoptimierung als auch aus der Sicht der Kunden notwendig, die herausfinden wollen, was das Unternehmen anbietet und ob es zuverl\u00e4ssige und lohnende Leistungen erbringt. Selbst eine moderne und professionelle Website wird kein Interesse wecken, wenn sie leer ist. Dlatego unikalne i perswazyjne teksty na strony internetowe to najskuteczniejszy spos\u00f3b budowania relacji z klientami. Der Inhalt, den wir f\u00fcr Ihre Website vorbereitet haben, wird Ihre Position in der Suchmaschine und folglich den Verkehr erh\u00f6hen, was zu mehr Kunden f\u00fchrt.<\/p>\n<p style=\"text-align: center;\">Im Rahmen dieser Dienstleistung realisieren wir Auftr\u00e4ge f\u00fcr einzelne Inhalte f\u00fcr Websites, SEO-Texte sowie Texte f\u00fcr ganze Websites. Unser Inhalt ist auf die Anforderungen von SEO und die Nutzer, die Ihre Website besuchen, zugeschnitten.<\/p>\n<\/div><\/div><\/div><\/div><\/div><div class=\"vc_col-sm-6 wpb_column vc_column_container\"><div class=\"vc_column-inner\"><div class=\"wpb_wrapper\"><div id=\"ultimate-heading-540269dfbcc59fe9c\" class=\"uvc-heading ult-adjust-bottom-margin ultimate-heading-540269dfbcc59fe9c uvc-74 \" data-hspacer=\"no_spacer\"  data-halign=\"center\" style=\"text-align:center\"><div class=\"uvc-heading-spacer no_spacer\" style=\"top\"><\/div><div class=\"uvc-main-heading ult-responsive\"  data-ultimate-target='.uvc-heading.ultimate-heading-540269dfbcc59fe9c h3'  data-responsive-json-new='{\"font-size\":\"desktop:20px;\",\"line-height\":\"desktop:25px;\"}' ><h3 style=\"font-weight:bold;color:#d2335b;margin-bottom:10px;\">Blogging-Inhalt<\/h3><\/div><\/div><div class=\"ult-just-icon-wrapper  \"><div class=\"align-icon\" style=\"text-align:center;\">\n<div class=\"aio-icon-img \" style=\"font-size:48px;display:inline-block;\" >\n\t<img decoding=\"async\" class=\"img-icon\" alt=\"null\" src=\"https:\/\/3-a.eu\/wp-content\/uploads\/2020\/03\/blogging-1.svg\"\/>\n<\/div><\/div><\/div><div class=\"wpb_text_column us_custom_a16392b1\"><div class=\"wpb_wrapper\"><p style=\"text-align: center;\">Regelm\u00e4\u00dfige Blog-Eintr\u00e4ge sind der beste Weg, um das Image eines Experten in der Branche aufzubauen. Wir helfen Ihnen, Ihr Unternehmen durch interessante Texte \u00fcber die neuesten Entwicklungen in der Branche, bei Produkten, Dienstleistungen oder im Unternehmensleben bekannt zu machen. Wir bieten eine umfassende Textvorbereitung &#8211; von der Auswahl des Themas \u00fcber das Schreiben, Redigieren und die SEO-Optimierung des Textes. Ein professionell erstellter Firmenblog garantiert Ihnen eine verbesserte Position in den Suchergebnissen. Es ist zu beachten, dass ein Firmenblog keine einmalige Investition ist, sondern eine Investition, die Ihnen langfristig Einnahmen bringt. Der Inhalt des Blogs ist ein ausgezeichneter Vorschlag f\u00fcr Unternehmen, die das Potenzial dieser Form der Werbung nutzen m\u00f6chten, aber nicht unbedingt die Zeit oder die F\u00e4higkeiten haben, ihn regelm\u00e4\u00dfig zu schreiben und zu ver\u00f6ffentlichen.<\/p>\n<\/div><\/div><\/div><\/div><\/div><\/div><div class=\"g-cols wpb_row via_flex valign_top type_default stacking_default\"><div class=\"vc_col-sm-6 wpb_column vc_column_container\"><div class=\"vc_column-inner\"><div class=\"wpb_wrapper\"><div class=\"w-separator size_custom\" style=\"height:20px\"><\/div><div id=\"ultimate-heading-289969dfbcc5a04b0\" class=\"uvc-heading ult-adjust-bottom-margin ultimate-heading-289969dfbcc5a04b0 uvc-657 \" data-hspacer=\"no_spacer\"  data-halign=\"center\" style=\"text-align:center\"><div class=\"uvc-heading-spacer no_spacer\" style=\"top\"><\/div><div class=\"uvc-main-heading ult-responsive\"  data-ultimate-target='.uvc-heading.ultimate-heading-289969dfbcc5a04b0 h3'  data-responsive-json-new='{\"font-size\":\"desktop:20px;\",\"line-height\":\"desktop:25px;\"}' ><h3 style=\"font-weight:bold;color:#d2335b;margin-bottom:10px;\">Artikel f\u00fcr die Medien<\/h3><\/div><\/div><div class=\"ult-just-icon-wrapper  \"><div class=\"align-icon\" style=\"text-align:center;\">\n<div class=\"aio-icon-img \" style=\"font-size:48px;display:inline-block;\" >\n\t<img decoding=\"async\" class=\"img-icon\" alt=\"null\" src=\"https:\/\/3-a.eu\/wp-content\/uploads\/2020\/03\/content-1.svg\"\/>\n<\/div><\/div><\/div><div class=\"wpb_text_column us_custom_a16392b1\"><div class=\"wpb_wrapper\"><p style=\"text-align: center;\">Wir schreiben f\u00fcr Sie einzigartige und ansprechende Medienartikel, um Ihre Zielgruppe zu interessieren! Seit vielen Jahren f\u00f6rdern wir sukzessive Marken auf externen Portalen. Dank unserer Erfahrung und der f\u00fcr die Planung von Schl\u00fcsselw\u00f6rtern geschaffenen Tools wissen wir genau, was Ihre Kunden im Internet suchen und welche Art von Inhalten f\u00fcr sie wertvoll sind. Artikel in den Medien werden Ihnen helfen, den Umfang der Informationsverbreitung zu erh\u00f6hen und neue Zielgruppen zu erreichen. Mit unserer Hilfe werden Sie beginnen, als Spezialist in Ihrer Branche wahrgenommen zu werden.<\/p>\n<\/div><\/div><\/div><\/div><\/div><div class=\"vc_col-sm-6 wpb_column vc_column_container\"><div class=\"vc_column-inner\"><div class=\"wpb_wrapper\"><div class=\"w-separator size_custom\" style=\"height:20px\"><\/div><div id=\"ultimate-heading-78469dfbcc5a0975\" class=\"uvc-heading ult-adjust-bottom-margin ultimate-heading-78469dfbcc5a0975 uvc-7718 \" data-hspacer=\"no_spacer\"  data-halign=\"center\" style=\"text-align:center\"><div class=\"uvc-heading-spacer no_spacer\" style=\"top\"><\/div><div class=\"uvc-main-heading ult-responsive\"  data-ultimate-target='.uvc-heading.ultimate-heading-78469dfbcc5a0975 h3'  data-responsive-json-new='{\"font-size\":\"desktop:20px;\",\"line-height\":\"desktop:25px;\"}' ><h3 style=\"font-weight:bold;color:#d2335b;margin-bottom:10px;\">Einzigartiger Inhalt f\u00fcr Positionierer-Hintergrund<\/h3><\/div><\/div><div class=\"ult-just-icon-wrapper  \"><div class=\"align-icon\" style=\"text-align:center;\">\n<div class=\"aio-icon-img \" style=\"font-size:48px;display:inline-block;\" >\n\t<img decoding=\"async\" class=\"img-icon\" alt=\"null\" src=\"https:\/\/3-a.eu\/wp-content\/uploads\/2020\/03\/copyright.svg\"\/>\n<\/div><\/div><\/div><div class=\"wpb_text_column us_custom_a16392b1\"><div class=\"wpb_wrapper\"><p style=\"text-align: center;\">Wir erstellen f\u00fcr Sie einzigartige Texte, die f\u00fcr die Platzierung auf Positionierer-R\u00fccklaufsperren bestimmt sind. Der von uns erstellte Inhalt ist sprachlich und grammatikalisch v\u00f6llig korrekt und von unbestreitbarem Wert. Unabh\u00e4ngig vom Thema schreiben unsere Copywriter f\u00fcr Sie Inhalte von h\u00f6chster Qualit\u00e4t.<\/p>\n<\/div><\/div><\/div><\/div><\/div><\/div><div class=\"w-separator size_custom\" style=\"height:20px\"><\/div><div class=\"w-btn-wrapper align_center\"><a class=\"w-btn us-btn-style_5\" title=\"kontakt\" href=\"https:\/\/3-a.eu\/de\/kontakt\/\"><span class=\"w-btn-label\">KONTAKT<\/span><\/a><\/div><\/div><\/div><\/div><\/div><\/div><\/section><section class=\"l-section wpb_row us_custom_8535c5f4 height_medium\"><div class=\"l-section-h i-cf\"><div class=\"g-cols vc_row via_flex valign_top type_default stacking_default\"><div class=\"vc_col-sm-12 wpb_column vc_column_container\"><div class=\"vc_column-inner\"><div class=\"wpb_wrapper\">[vc_custom_heading text=&#8220;Wie viel kostet es?&#8220; font_container=&#8220;tag:h2|text_align:center&#8220; google_fonts=&#8220;font_family:Oswald%3A300%2Cregular%2C700|font_style:400%20regular%3A400%3Anormal&#8220; css=&#8220;%7B%22default%22%3A%7B%22color%22%3A%22%231D1D1B%22%2C%22text-transform%22%3A%22uppercase%22%2C%22font-size%22%3A%2234px%22%2C%22margin-bottom%22%3A%220%22%7D%7D&#8220;]<div class=\"w-separator size_custom\" style=\"height:20px\"><\/div><div class=\"ult-just-icon-wrapper  \"><div class=\"align-icon\" style=\"text-align:center;\">\n<div class=\"aio-icon-img \" style=\"font-size:48px;display:inline-block;\" >\n\t<img decoding=\"async\" class=\"img-icon\" alt=\"null\" src=\"https:\/\/3-a.eu\/wp-content\/uploads\/2020\/03\/budget.svg\"\/>\n<\/div><\/div><\/div><div class=\"w-separator size_custom\" style=\"height:20px\"><\/div><div class=\"g-cols wpb_row via_flex valign_top type_default stacking_default\"><div class=\"vc_col-sm-12 wpb_column vc_column_container\"><div class=\"vc_column-inner\"><div class=\"wpb_wrapper\"><div class=\"wpb_text_column us_custom_d7d4b73d\"><div class=\"wpb_wrapper\"><p style=\"text-align: center;\">Im Rahmen unseres Angebots bieten wir verschiedene Kooperationsm\u00f6glichkeiten an, wir passen uns den individuellen Erwartungen unserer Kunden an und erstellen gemeinsam ein auf ihre Bed\u00fcrfnisse zugeschnittenes Abrechnungsmodell.<\/p>\n<\/div><\/div><div class=\"wpb_text_column us_custom_8132f6eb has_text_color\"><div class=\"wpb_wrapper\"><p style=\"text-align: center;\"><strong>Rufen Sie uns an! Wir werden Ihre Aktionen analysieren, neue Ziele setzen und die Schritte planen, die uns helfen werden, diese zu erreichen!<\/strong><\/p>\n<\/div><\/div><section class=\"l-section wpb_row us_custom_fdcab3db height_medium\"><div class=\"l-section-h i-cf\"><div class=\"g-cols vc_row via_flex valign_top type_default stacking_default\"><div class=\"vc_col-sm-12 wpb_column vc_column_container\"><div class=\"vc_column-inner\"><div class=\"wpb_wrapper\"><div id=\"ultimate-heading-825269dfbcc5a2074\" class=\"uvc-heading ult-adjust-bottom-margin ultimate-heading-825269dfbcc5a2074 uvc-4529 \" data-hspacer=\"no_spacer\"  data-halign=\"center\" style=\"text-align:center\"><div class=\"uvc-heading-spacer no_spacer\" style=\"top\"><\/div><div class=\"uvc-main-heading ult-responsive\"  data-ultimate-target='.uvc-heading.ultimate-heading-825269dfbcc5a2074 h2'  data-responsive-json-new='{\"font-size\":\"desktop:40px;\",\"line-height\":\"\"}' ><h2 style=\"font-family:&#039;Oswald&#039;;font-weight:normal;color:#111111;\">BITTE UM EIN ANGEBOT<\/h2><\/div><\/div><div class=\"w-btn-wrapper align_center\"><a class=\"w-btn us-btn-style_7\" title=\"kontakt\" href=\"https:\/\/3-a.eu\/de\/kontakt\/\"><span class=\"w-btn-label\">KONTAKT<\/span><\/a><\/div><\/div><\/div><\/div><\/div><\/div><\/section>\n<div class=\"wpb_text_column us_custom_f0b2189e has_text_color\"><div class=\"wpb_wrapper\"><\/div><\/div><\/div><\/div><\/div><\/div><\/div><\/div><\/div><\/div><\/div><\/section>\n","protected":false},"excerpt":{"rendered":"[vc_custom_heading text=\"ERSTELLUNG VON FACHTEXTEN\" font_container=\"tag:h1|text_align:center\" google_fonts=\"font_family:Playfair%20Display%3Aregular%2Citalic%2C700%2C700italic%2C900%2C900italic|font_style:400%20regular%3A400%3Anormal\" css=\"%7B%22default%22%3A%7B%22line-height%22%3A%221%22%2C%22letter-spacing%22%3A%22-0.02em%22%2C%22margin-bottom%22%3A%2210px%22%7D%7D\" el_class=\"title-letter-spacing\"]Wir bereiten f\u00fcr Sie attraktive Inhalte vor, die Ihre potenziellen Kunden anziehen.. Wir gestalten Werbeinhalte so, dass sie sich f\u00fcr Sie rechnen. Wir k\u00fcmmern uns um die Erstellung und Bearbeitung von Texten zu jedem m\u00f6glichen Thema Ihrer Wahl, Sie erh\u00f6hen die Effektivit\u00e4t des Vertriebs dank der entsprechenden Inhalte,...","protected":false},"author":5,"featured_media":0,"parent":0,"menu_order":10,"comment_status":"closed","ping_status":"closed","template":"","meta":{"footnotes":""},"class_list":["post-5481","page","type-page","status-publish","hentry"],"_links":{"self":[{"href":"https:\/\/3-a.eu\/de\/wp-json\/wp\/v2\/pages\/5481","targetHints":{"allow":["GET"]}}],"collection":[{"href":"https:\/\/3-a.eu\/de\/wp-json\/wp\/v2\/pages"}],"about":[{"href":"https:\/\/3-a.eu\/de\/wp-json\/wp\/v2\/types\/page"}],"author":[{"embeddable":true,"href":"https:\/\/3-a.eu\/de\/wp-json\/wp\/v2\/users\/5"}],"replies":[{"embeddable":true,"href":"https:\/\/3-a.eu\/de\/wp-json\/wp\/v2\/comments?post=5481"}],"version-history":[{"count":3,"href":"https:\/\/3-a.eu\/de\/wp-json\/wp\/v2\/pages\/5481\/revisions"}],"predecessor-version":[{"id":9696,"href":"https:\/\/3-a.eu\/de\/wp-json\/wp\/v2\/pages\/5481\/revisions\/9696"}],"wp:attachment":[{"href":"https:\/\/3-a.eu\/de\/wp-json\/wp\/v2\/media?parent=5481"}],"curies":[{"name":"wp","href":"https:\/\/api.w.org\/{rel}","templated":true}]}}