{"id":5528,"date":"2020-11-19T17:30:43","date_gmt":"2020-11-19T16:30:43","guid":{"rendered":"https:\/\/3-a.eu\/?page_id=5528"},"modified":"2026-02-04T13:18:51","modified_gmt":"2026-02-04T12:18:51","slug":"content-marketing","status":"publish","type":"page","link":"https:\/\/3-a.eu\/de\/content-marketing\/","title":{"rendered":"Content marketing"},"content":{"rendered":"<section class=\"l-section wpb_row us_custom_f7e589c7 height_medium full_height valign_center\"><div class=\"l-section-h i-cf\"><div class=\"g-cols vc_row via_flex valign_middle type_default stacking_default\"><div class=\"vc_col-sm-12 wpb_column vc_column_container\"><div class=\"vc_column-inner\"><div class=\"wpb_wrapper\"><div class=\"ult-animation  ult-animate-viewport  ult-no-mobile \" data-animate=\"fadeInUp\" data-animation-delay=\"0\" data-animation-duration=\"1\" data-animation-iteration=\"1\" style=\"opacity:0;\" data-opacity_start_effect=\"\">[vc_custom_heading text=&#8220;CONTENT MARKETING&#8220; font_container=&#8220;tag:h1|text_align:center&#8220; google_fonts=&#8220;font_family:Playfair%20Display%3Aregular%2Citalic%2C700%2C700italic%2C900%2C900italic|font_style:400%20regular%3A400%3Anormal&#8220; css=&#8220;%7B%22default%22%3A%7B%22line-height%22%3A%221%22%2C%22letter-spacing%22%3A%22-0.02em%22%2C%22margin-bottom%22%3A%2210px%22%7D%7D&#8220; el_class=&#8220;title-letter-spacing&#8220;]<\/div><div class=\"wpb_text_column us_custom_7e62da8d has_text_color\"><div class=\"wpb_wrapper\"><p style=\"text-align: center;\"> Content-Marketing gilt derzeit als eines der effektivsten Marketing-Instrumente. Der richtige Content ist Teil der Markenstrategie, inspiriert zum Handeln, erh\u00f6ht die Wettbewerbsf\u00e4higkeit und f\u00fchrt zu Umsatzwachstum.<\/p>\n<\/div><\/div><\/div><\/div><\/div><\/div><\/div><\/section><section class=\"l-section wpb_row height_medium full_height valign_center with_img parallax_fixed\"><div class=\"l-section-img\" role=\"img\" aria-label=\"Bild\" data-img-width=\"2549\" data-img-height=\"1492\" style=\"background-image: url(https:\/\/3-a.eu\/wp-content\/uploads\/2020\/02\/Question-mark-bg.jpg);background-repeat: no-repeat;\"><\/div><div class=\"l-section-h i-cf\"><div class=\"g-cols vc_row via_flex valign_top type_default stacking_default\"><div class=\"vc_col-sm-12 wpb_column vc_column_container has_bg_color\"><div class=\"vc_column-inner us_custom_62f8b072\"><div class=\"wpb_wrapper\">[vc_custom_heading text=&#8220;Warum ist Content-Marketing wichtig?&#8220; font_container=&#8220;tag:h2|text_align:center&#8220; google_fonts=&#8220;font_family:Oswald%3A300%2Cregular%2C700|font_style:400%20regular%3A400%3Anormal&#8220; css=&#8220;%7B%22default%22%3A%7B%22color%22%3A%22%231D1D1B%22%2C%22text-transform%22%3A%22uppercase%22%2C%22font-size%22%3A%2234px%22%2C%22margin-bottom%22%3A%220%22%7D%7D&#8220;]<div class=\"wpb_text_column us_custom_9dd18b8e has_text_color\"><div class=\"wpb_wrapper\"><p style=\"text-align: center;\">Die Aufgabe des Content-Marketings besteht darin, interessante Inhalte zu schaffen, die die Aufmerksamkeit des Empf\u00e4ngers auf sich ziehen und das Interesse einer bestimmten Zielgruppe wecken. Wie zahlreiche Daten zeigen, gilt Content-Marketing derzeit als eines der effektivsten Marketing-Instrumente &#8211; es erm\u00f6glicht dreimal mehr Konversionen als Aktivit\u00e4ten, die auf traditionellem Marketing basieren, und immerhin 82 % der Kunden nehmen das Unternehmen positiver wahr, wenn sie mit Content-Marketing konfrontiert werden.<\/p>\n<\/div><\/div><div class=\"w-separator size_custom\" style=\"height:20px\"><\/div><div class=\"g-cols wpb_row via_flex valign_top type_default stacking_default\"><div class=\"vc_col-sm-3 wpb_column vc_column_container\"><div class=\"vc_column-inner\"><div class=\"wpb_wrapper\"><div id=\"ultimate-heading-348669dfbccd23aba\" class=\"uvc-heading ult-adjust-bottom-margin ultimate-heading-348669dfbccd23aba uvc-8881 \" data-hspacer=\"no_spacer\"  data-halign=\"center\" style=\"text-align:center\"><div class=\"uvc-heading-spacer no_spacer\" style=\"top\"><\/div><div class=\"uvc-main-heading ult-responsive\"  data-ultimate-target='.uvc-heading.ultimate-heading-348669dfbccd23aba h3'  data-responsive-json-new='{\"font-size\":\"desktop:20px;\",\"line-height\":\"desktop:25px;\"}' ><h3 style=\"font-weight:bold;color:#d2335b;margin-bottom:10px;\">Konstruktion von PR<\/h3><\/div><\/div><div class=\"ult-just-icon-wrapper  \"><div class=\"align-icon\" style=\"text-align:center;\">\n<div class=\"aio-icon-img \" style=\"font-size:48px;display:inline-block;\" >\n\t<img decoding=\"async\" class=\"img-icon\" alt=\"null\" src=\"https:\/\/3-a.eu\/wp-content\/uploads\/2020\/03\/public-relation.svg\"\/>\n<\/div><\/div><\/div><div class=\"wpb_text_column us_custom_a16392b1\"><div class=\"wpb_wrapper\"><p style=\"text-align: center;\">Content-Marketing ist ein hervorragendes Instrument zum Aufbau eines professionellen Images des Unternehmens. Wir helfen Ihnen dabei, attraktive Inhalte zu erstellen, die das Wissen Ihrer potenziellen Kunden bereichern, so dass diese das Angebot Ihres Unternehmens gerne nutzen und es als Experte auf diesem Gebiet betrachten. Der Aufbau eines Expertenimages ist besonders wichtig in Branchen, die wissensbasiert sind und in denen traditionelle Angebote nicht ausreichen, um Unternehmenswerte zu pr\u00e4sentieren.<\/p>\n<\/div><\/div><\/div><\/div><\/div><div class=\"vc_col-sm-3 wpb_column vc_column_container\"><div class=\"vc_column-inner\"><div class=\"wpb_wrapper\"><div id=\"ultimate-heading-714369dfbccd24361\" class=\"uvc-heading ult-adjust-bottom-margin ultimate-heading-714369dfbccd24361 uvc-9883 \" data-hspacer=\"no_spacer\"  data-halign=\"center\" style=\"text-align:center\"><div class=\"uvc-heading-spacer no_spacer\" style=\"top\"><\/div><div class=\"uvc-main-heading ult-responsive\"  data-ultimate-target='.uvc-heading.ultimate-heading-714369dfbccd24361 h3'  data-responsive-json-new='{\"font-size\":\"desktop:20px;\",\"line-height\":\"desktop:25px;\"}' ><h3 style=\"font-weight:bold;color:#d2335b;margin-bottom:10px;\">Markenbekanntheit<\/h3><\/div><\/div><div class=\"ult-just-icon-wrapper  \"><div class=\"align-icon\" style=\"text-align:center;\">\n<div class=\"aio-icon-img \" style=\"font-size:48px;display:inline-block;\" >\n\t<img decoding=\"async\" class=\"img-icon\" alt=\"null\" src=\"https:\/\/3-a.eu\/wp-content\/uploads\/2020\/03\/blogging.svg\"\/>\n<\/div><\/div><\/div><div class=\"wpb_text_column us_custom_a16392b1\"><div class=\"wpb_wrapper\"><p style=\"text-align: center;\">Wir bauen das Bewusstsein f\u00fcr Ihre Marke auf, helfen bei der Aufkl\u00e4rung von K\u00e4ufern, gewinnen die Aufmerksamkeit von Meinungsf\u00fchrern und st\u00e4rken Ihre Position als Branchenexperte. Dank unserer Bem\u00fchungen gewinnen Sie eine Kundenbindung, die auf einer dauerhaften Beziehung und Vertrauen basiert. Gegenw\u00e4rtig schreiben f\u00fcr uns mehr als 50 renommierte Journalisten, und die von uns ver\u00f6ffentlichten Texte erscheinen in allen Medien in Polen und im Ausland, was Ihnen die Garantie gibt, dass die von uns vorbereiteten Artikel von h\u00f6chster Qualit\u00e4t sein werden!<\/p>\n<\/div><\/div><\/div><\/div><\/div><div class=\"vc_col-sm-3 wpb_column vc_column_container\"><div class=\"vc_column-inner\"><div class=\"wpb_wrapper\"><div id=\"ultimate-heading-79769dfbccd248c1\" class=\"uvc-heading ult-adjust-bottom-margin ultimate-heading-79769dfbccd248c1 uvc-8748 \" data-hspacer=\"no_spacer\"  data-halign=\"center\" style=\"text-align:center\"><div class=\"uvc-heading-spacer no_spacer\" style=\"top\"><\/div><div class=\"uvc-main-heading ult-responsive\"  data-ultimate-target='.uvc-heading.ultimate-heading-79769dfbccd248c1 h3'  data-responsive-json-new='{\"font-size\":\"desktop:20px;\",\"line-height\":\"desktop:25px;\"}' ><h3 style=\"font-weight:bold;color:#d2335b;margin-bottom:10px;\">SEO-Positionierung<\/h3><\/div><\/div><div class=\"ult-just-icon-wrapper  \"><div class=\"align-icon\" style=\"text-align:center;\">\n<div class=\"aio-icon-img \" style=\"font-size:48px;display:inline-block;\" >\n\t<img decoding=\"async\" class=\"img-icon\" alt=\"null\" src=\"https:\/\/3-a.eu\/wp-content\/uploads\/2020\/03\/link.svg\"\/>\n<\/div><\/div><\/div><div class=\"wpb_text_column us_custom_a16392b1\"><div class=\"wpb_wrapper\"><p style=\"text-align: center;\">Qualitativ hochwertige Inhalte haben auch ein gro\u00dfes Potenzial, Benutzer anzuziehen. Wir erstellen f\u00fcr Sie einen interessanten Blog-Beitrag, einen interessanten Artikel, der den FB-Beitrag einbezieht, der nicht nur Traffic generiert, sondern auch Links zu Ihrer Website.<\/p>\n<p style=\"text-align: center;\">Dank jahrelanger Erfahrung sind die von uns erstellten Inhalte so durchdacht, dass sie den Geschmack eines potentiellen Kunden treffen und ihn so ermutigen, sie weiterzugeben.<\/p>\n<\/div><\/div><\/div><\/div><\/div><div class=\"vc_col-sm-3 wpb_column vc_column_container\"><div class=\"vc_column-inner\"><div class=\"wpb_wrapper\"><div id=\"ultimate-heading-617969dfbccd24e2b\" class=\"uvc-heading ult-adjust-bottom-margin ultimate-heading-617969dfbccd24e2b uvc-2307 \" data-hspacer=\"no_spacer\"  data-halign=\"center\" style=\"text-align:center\"><div class=\"uvc-heading-spacer no_spacer\" style=\"top\"><\/div><div class=\"uvc-main-heading ult-responsive\"  data-ultimate-target='.uvc-heading.ultimate-heading-617969dfbccd24e2b h3'  data-responsive-json-new='{\"font-size\":\"desktop:20px;\",\"line-height\":\"desktop:25px;\"}' ><h3 style=\"font-weight:bold;color:#d2335b;margin-bottom:10px;\">Hohe Position in Suchmaschinen<\/h3><\/div><\/div><div class=\"ult-just-icon-wrapper  \"><div class=\"align-icon\" style=\"text-align:center;\">\n<div class=\"aio-icon-img \" style=\"font-size:48px;display:inline-block;\" >\n\t<img decoding=\"async\" class=\"img-icon\" alt=\"null\" src=\"https:\/\/3-a.eu\/wp-content\/uploads\/2020\/02\/growth.svg\"\/>\n<\/div><\/div><\/div><div class=\"wpb_text_column us_custom_a16392b1\"><div class=\"wpb_wrapper\"><p style=\"text-align: center;\">Wenn Sie m\u00f6chten, dass Ihre Website in den Suchergebnissen weit oben erscheint, m\u00fcssen Sie f\u00fcr qualitativ hochwertige Inhalte sorgen. Einzigartige Inhalte werden in den Suchergebnissen hohe Positionen einnehmen. Durch die Nutzung unserer Dienste gewinnen Sie an Sichtbarkeit in Suchmaschinen, was sich zweifellos in einem Umsatzanstieg niederschlagen wird.<br \/>\nEs ist zu beachten, dass Content-Marketing eine Strategie mit langfristiger Wirkung ist. Der Inhalt, den wir vorbereitet haben, verschwindet nicht wie herk\u00f6mmliche Werbung und wird st\u00e4ndig Traffic auf Ihrer Website erzeugen.<\/p>\n<\/div><\/div><\/div><\/div><\/div><\/div><div class=\"w-separator size_custom\" style=\"height:20px\"><\/div><div class=\"w-btn-wrapper align_center\"><a class=\"w-btn us-btn-style_5\" title=\"kontakt\" href=\"https:\/\/3-a.eu\/de\/kontakt\/\"><span class=\"w-btn-label\">Kontakt<\/span><\/a><\/div><\/div><\/div><\/div><\/div><\/div><\/section><section class=\"l-section wpb_row height_medium full_height valign_center with_img parallax_fixed\"><div class=\"l-section-img\" role=\"img\" aria-label=\"Bild\" data-img-width=\"2560\" data-img-height=\"1600\" style=\"background-image: url(https:\/\/3-a.eu\/wp-content\/uploads\/2020\/02\/bg5-scaled.jpg);background-repeat: no-repeat;\"><\/div><div class=\"l-section-h i-cf\"><div class=\"g-cols vc_row via_flex valign_top type_default stacking_default\"><div class=\"vc_col-sm-12 wpb_column vc_column_container has_bg_color\"><div class=\"vc_column-inner us_custom_62f8b072\"><div class=\"wpb_wrapper\">[vc_custom_heading text=&#8220;Wie machen wir das?&#8220; font_container=&#8220;tag:h2|text_align:center&#8220; google_fonts=&#8220;font_family:Oswald%3A300%2Cregular%2C700|font_style:400%20regular%3A400%3Anormal&#8220; css=&#8220;%7B%22default%22%3A%7B%22color%22%3A%22%231D1D1B%22%2C%22text-transform%22%3A%22uppercase%22%2C%22font-size%22%3A%2234px%22%2C%22margin-bottom%22%3A%220%22%7D%7D&#8220;]<div class=\"w-separator size_custom\" style=\"height:20px\"><\/div><div class=\"g-cols wpb_row via_flex valign_top type_default stacking_default\"><div class=\"vc_col-sm-3 wpb_column vc_column_container\"><div class=\"vc_column-inner\"><div class=\"wpb_wrapper\"><div id=\"ultimate-heading-772769dfbccd25b5c\" class=\"uvc-heading ult-adjust-bottom-margin ultimate-heading-772769dfbccd25b5c uvc-715 \" data-hspacer=\"no_spacer\"  data-halign=\"center\" style=\"text-align:center\"><div class=\"uvc-heading-spacer no_spacer\" style=\"top\"><\/div><div class=\"uvc-main-heading ult-responsive\"  data-ultimate-target='.uvc-heading.ultimate-heading-772769dfbccd25b5c h3'  data-responsive-json-new='{\"font-size\":\"desktop:20px;\",\"line-height\":\"desktop:25px;\"}' ><h3 style=\"font-weight:bold;color:#d2335b;margin-bottom:10px;\">Content-Marketing-Strategie<\/h3><\/div><\/div><div class=\"ult-just-icon-wrapper  \"><div class=\"align-icon\" style=\"text-align:center;\">\n<div class=\"aio-icon-img \" style=\"font-size:48px;display:inline-block;\" >\n\t<img decoding=\"async\" class=\"img-icon\" alt=\"null\" src=\"https:\/\/3-a.eu\/wp-content\/uploads\/2020\/02\/growth.svg\"\/>\n<\/div><\/div><\/div><div class=\"wpb_text_column us_custom_a16392b1\"><div class=\"wpb_wrapper\"><p style=\"text-align: center;\">Langj\u00e4hrige Erfahrung und viel schriftlicher Inhalt sorgen daf\u00fcr, dass die von uns erarbeiteten Marketing-Inhaltsstrategien sukzessive die beabsichtigte Wirkung erzielen. Eine sorgf\u00e4ltig entwickelte Strategie gibt Ihnen die Sicherheit, dass unser Handeln gut durchdacht und auf Ihre Unternehmensziele ausgerichtet ist. Der von uns aufbereitete Inhalt von h\u00f6chster Qualit\u00e4t wird Traffic auf Ihrer Website erzeugen, den wir in Conversions umsetzen werden. Sie wollen das Potenzial von Content Marketing nutzen, um den Absatz Ihrer Produkte und Dienstleistungen zu st\u00e4rken &#8211; vertrauen Sie den Experten im Content Marketing!<\/p>\n<\/div><\/div><\/div><\/div><\/div><div class=\"vc_col-sm-3 wpb_column vc_column_container\"><div class=\"vc_column-inner\"><div class=\"wpb_wrapper\"><div id=\"ultimate-heading-353069dfbccd25ddb\" class=\"uvc-heading ult-adjust-bottom-margin ultimate-heading-353069dfbccd25ddb uvc-2544 \" data-hspacer=\"no_spacer\"  data-halign=\"center\" style=\"text-align:center\"><div class=\"uvc-heading-spacer no_spacer\" style=\"top\"><\/div><div class=\"uvc-main-heading ult-responsive\"  data-ultimate-target='.uvc-heading.ultimate-heading-353069dfbccd25ddb h3'  data-responsive-json-new='{\"font-size\":\"desktop:20px;\",\"line-height\":\"desktop:25px;\"}' ><h3 style=\"font-weight:bold;color:#d2335b;margin-bottom:10px;\">Content erstellen<\/h3><\/div><\/div><div class=\"ult-just-icon-wrapper  \"><div class=\"align-icon\" style=\"text-align:center;\">\n<div class=\"aio-icon-img \" style=\"font-size:48px;display:inline-block;\" >\n\t<img decoding=\"async\" class=\"img-icon\" alt=\"null\" src=\"https:\/\/3-a.eu\/wp-content\/uploads\/2020\/03\/branding.svg\"\/>\n<\/div><\/div><\/div><div class=\"wpb_text_column us_custom_a16392b1\"><div class=\"wpb_wrapper\"><p style=\"text-align: center;\">Wenn Sie uns mit dem Verfassen von Inhalten betrauen, k\u00f6nnen Sie sich auf andere wichtige Angelegenheiten f\u00fcr Ihr Unternehmen konzentrieren. Wenn Sie Copywriting-Experten beauftragen, k\u00f6nnen Sie sicher sein, dass die f\u00fcr Sie vorbereiteten Inhalte die Aufmerksamkeit des Publikums auf sich ziehen werden.<\/p>\n<p style=\"text-align: center;\">Die von uns erstellten Inhalte werden auch f\u00fcr die Positionierung (SEO) richtig aufbereitet, wodurch Sie eine erh\u00f6hte Position Ihres Unternehmens in der Suchmaschine erhalten.<\/p>\n<\/div><\/div><\/div><\/div><\/div><div class=\"vc_col-sm-3 wpb_column vc_column_container\"><div class=\"vc_column-inner\"><div class=\"wpb_wrapper\"><div id=\"ultimate-heading-734069dfbccd2636d\" class=\"uvc-heading ult-adjust-bottom-margin ultimate-heading-734069dfbccd2636d uvc-6769 \" data-hspacer=\"no_spacer\"  data-halign=\"center\" style=\"text-align:center\"><div class=\"uvc-heading-spacer no_spacer\" style=\"top\"><\/div><div class=\"uvc-main-heading ult-responsive\"  data-ultimate-target='.uvc-heading.ultimate-heading-734069dfbccd2636d h3'  data-responsive-json-new='{\"font-size\":\"desktop:20px;\",\"line-height\":\"desktop:25px;\"}' ><h3 style=\"font-weight:bold;color:#d2335b;margin-bottom:10px;\">Content-Marketing-Audit<\/h3><\/div><\/div><div class=\"ult-just-icon-wrapper  \"><div class=\"align-icon\" style=\"text-align:center;\">\n<div class=\"aio-icon-img \" style=\"font-size:48px;display:inline-block;\" >\n\t<img decoding=\"async\" class=\"img-icon\" alt=\"null\" src=\"https:\/\/3-a.eu\/wp-content\/uploads\/2020\/03\/audit-1.svg\"\/>\n<\/div><\/div><\/div><div class=\"wpb_text_column us_custom_a16392b1\"><div class=\"wpb_wrapper\"><p style=\"text-align: center;\">Auf der Grundlage unserer Erfahrung werden wir die Inhalte auf Ihrer Website im Hinblick auf ihre Positionierung \u00fcberpr\u00fcfen und beurteilen, ob sie in der Sprache des Nutzens geschrieben sind.<\/p>\n<p style=\"text-align: center;\">Wir analysieren die Texte Ihrer Konkurrenten und bereiten auf der Grundlage dieser Expertise eine Reihe von Ma\u00dfnahmen vor, um sie weit hinter sich zu lassen.<\/p>\n<\/div><\/div><\/div><\/div><\/div><div class=\"vc_col-sm-3 wpb_column vc_column_container\"><div class=\"vc_column-inner\"><div class=\"wpb_wrapper\"><div id=\"ultimate-heading-8969dfbccd2685a\" class=\"uvc-heading ult-adjust-bottom-margin ultimate-heading-8969dfbccd2685a uvc-9548 \" data-hspacer=\"no_spacer\"  data-halign=\"center\" style=\"text-align:center\"><div class=\"uvc-heading-spacer no_spacer\" style=\"top\"><\/div><div class=\"uvc-main-heading ult-responsive\"  data-ultimate-target='.uvc-heading.ultimate-heading-8969dfbccd2685a h3'  data-responsive-json-new='{\"font-size\":\"desktop:20px;\",\"line-height\":\"desktop:25px;\"}' ><h3 style=\"font-weight:bold;color:#d2335b;margin-bottom:10px;\">Betriebs-Blog<\/h3><\/div><\/div><div class=\"ult-just-icon-wrapper  \"><div class=\"align-icon\" style=\"text-align:center;\">\n<div class=\"aio-icon-img \" style=\"font-size:48px;display:inline-block;\" >\n\t<img decoding=\"async\" class=\"img-icon\" alt=\"null\" src=\"https:\/\/3-a.eu\/wp-content\/uploads\/2020\/03\/blogging-1.svg\"\/>\n<\/div><\/div><\/div><div class=\"wpb_text_column us_custom_a16392b1\"><div class=\"wpb_wrapper\"><p style=\"text-align: center;\">Das Betreiben eines Unternehmens-Blogs erm\u00f6glicht es Ihnen, ein Expertenbild des Unternehmens aufzubauen, was sich in einem erh\u00f6hten Vertrauen potenzieller Kunden niederschl\u00e4gt.<\/p>\n<p style=\"text-align: center;\">Wir bereiten f\u00fcr Sie sprachlich korrekte, einzigartige Inhalte f\u00fcr Ihren Blog vor. Derzeit schreiben mehr als 50 renommierte Journalisten aus verschiedenen Branchen f\u00fcr uns, was Ihnen die Gewissheit gibt, dass die f\u00fcr Sie vorbereiteten Texte einen professionellen und fachlichen Charakter haben.<\/p>\n<\/div><\/div><\/div><\/div><\/div><\/div><div class=\"w-separator size_custom\" style=\"height:20px\"><\/div><div class=\"wpb_text_column us_custom_29992831 has_text_color\"><div class=\"wpb_wrapper\"><p style=\"text-align: center;\">Nutzen Sie das Potenzial des Content-Marketings, um Loyalit\u00e4t und Kunden zu gewinnen und den Absatz Ihrer Produkte und Dienstleistungen zu steigern!<\/p>\n<\/div><\/div><div class=\"w-separator size_custom\" style=\"height:20px\"><\/div><div class=\"w-btn-wrapper align_center\"><a class=\"w-btn us-btn-style_5\" title=\"kontakt\" href=\"https:\/\/3-a.eu\/de\/kontakt\/\"><span class=\"w-btn-label\">Kontakt<\/span><\/a><\/div><\/div><\/div><\/div><\/div><\/div><\/section><section class=\"l-section wpb_row us_custom_8535c5f4 height_medium parallax_fixed\"><div class=\"l-section-h i-cf\"><div class=\"g-cols vc_row via_flex valign_middle type_default stacking_default\"><div class=\"vc_col-sm-12 wpb_column vc_column_container\"><div class=\"vc_column-inner us_custom_fdcab3db\"><div class=\"wpb_wrapper\">[vc_custom_heading text=&#8220;Wie viel kostet es?&#8220; font_container=&#8220;tag:h2|text_align:center&#8220; google_fonts=&#8220;font_family:Oswald%3A300%2Cregular%2C700|font_style:400%20regular%3A400%3Anormal&#8220; css=&#8220;%7B%22default%22%3A%7B%22color%22%3A%22%231D1D1B%22%2C%22text-transform%22%3A%22uppercase%22%2C%22font-size%22%3A%2234px%22%2C%22margin-bottom%22%3A%220%22%7D%7D&#8220;]<div class=\"w-separator size_custom\" style=\"height:20px\"><\/div><div class=\"ult-just-icon-wrapper  \"><div class=\"align-icon\" style=\"text-align:center;\">\n<div class=\"aio-icon-img \" style=\"font-size:48px;display:inline-block;\" >\n\t<img decoding=\"async\" class=\"img-icon\" alt=\"null\" src=\"https:\/\/3-a.eu\/wp-content\/uploads\/2020\/03\/budget.svg\"\/>\n<\/div><\/div><\/div><div class=\"wpb_text_column us_custom_29992831 has_text_color\"><div class=\"wpb_wrapper\"><p style=\"text-align: center;\">Sie fragen sich, wie viel eine Kampagne f\u00fcr Marketinginhalte kostet? Wir haben keine allgemeing\u00fcltige Antwort f\u00fcr Sie, denn es h\u00e4ngt davon ab, f\u00fcr welche L\u00f6sungen Sie sich entscheiden.<\/p>\n<p style=\"text-align: center;\">Rufen Sie uns an und unsere qualifizierten Spezialisten werden Ihnen ein individuelles Angebot f\u00fcr Ihre Bed\u00fcrfnisse erstellen!<\/p>\n<p style=\"text-align: center;\"><strong>Wir garantieren das beste Preis-Leistungs-Verh\u00e4ltnis auf dem Markt!<\/strong><\/p>\n<\/div><\/div><section class=\"l-section wpb_row us_custom_fdcab3db height_medium\"><div class=\"l-section-h i-cf\"><div class=\"g-cols vc_row via_flex valign_top type_default stacking_default\"><div class=\"vc_col-sm-12 wpb_column vc_column_container\"><div class=\"vc_column-inner\"><div class=\"wpb_wrapper\"><div id=\"ultimate-heading-590169dfbccd27d1d\" class=\"uvc-heading ult-adjust-bottom-margin ultimate-heading-590169dfbccd27d1d uvc-5168 \" data-hspacer=\"no_spacer\"  data-halign=\"center\" style=\"text-align:center\"><div class=\"uvc-heading-spacer no_spacer\" style=\"top\"><\/div><div class=\"uvc-main-heading ult-responsive\"  data-ultimate-target='.uvc-heading.ultimate-heading-590169dfbccd27d1d h2'  data-responsive-json-new='{\"font-size\":\"desktop:40px;\",\"line-height\":\"\"}' ><h2 style=\"font-family:&#039;Oswald&#039;;font-weight:normal;color:#111111;\">BITTE UM EIN ANGEBOT<\/h2><\/div><\/div><div class=\"w-btn-wrapper align_center\"><a class=\"w-btn us-btn-style_7\" title=\"kontakt\" href=\"https:\/\/3-a.eu\/de\/kontakt\/\"><span class=\"w-btn-label\">KONTAKT<\/span><\/a><\/div><\/div><\/div><\/div><\/div><\/div><\/section>\n<\/div><\/div><\/div><\/div><\/div><\/section>\n","protected":false},"excerpt":{"rendered":"[vc_custom_heading text=\"CONTENT MARKETING\" font_container=\"tag:h1|text_align:center\" google_fonts=\"font_family:Playfair%20Display%3Aregular%2Citalic%2C700%2C700italic%2C900%2C900italic|font_style:400%20regular%3A400%3Anormal\" css=\"%7B%22default%22%3A%7B%22line-height%22%3A%221%22%2C%22letter-spacing%22%3A%22-0.02em%22%2C%22margin-bottom%22%3A%2210px%22%7D%7D\" el_class=\"title-letter-spacing\"] Content-Marketing gilt derzeit als eines der effektivsten Marketing-Instrumente. Der richtige Content ist Teil der Markenstrategie, inspiriert zum Handeln, erh\u00f6ht die Wettbewerbsf\u00e4higkeit und f\u00fchrt zu Umsatzwachstum. [vc_custom_heading text=\"Warum ist Content-Marketing wichtig?\" font_container=\"tag:h2|text_align:center\" google_fonts=\"font_family:Oswald%3A300%2Cregular%2C700|font_style:400%20regular%3A400%3Anormal\" css=\"%7B%22default%22%3A%7B%22color%22%3A%22%231D1D1B%22%2C%22text-transform%22%3A%22uppercase%22%2C%22font-size%22%3A%2234px%22%2C%22margin-bottom%22%3A%220%22%7D%7D\"]Die Aufgabe des Content-Marketings besteht darin, interessante Inhalte zu schaffen, die die Aufmerksamkeit des Empf\u00e4ngers auf...","protected":false},"author":5,"featured_media":0,"parent":0,"menu_order":8,"comment_status":"closed","ping_status":"closed","template":"","meta":{"footnotes":""},"class_list":["post-5528","page","type-page","status-publish","hentry"],"_links":{"self":[{"href":"https:\/\/3-a.eu\/de\/wp-json\/wp\/v2\/pages\/5528","targetHints":{"allow":["GET"]}}],"collection":[{"href":"https:\/\/3-a.eu\/de\/wp-json\/wp\/v2\/pages"}],"about":[{"href":"https:\/\/3-a.eu\/de\/wp-json\/wp\/v2\/types\/page"}],"author":[{"embeddable":true,"href":"https:\/\/3-a.eu\/de\/wp-json\/wp\/v2\/users\/5"}],"replies":[{"embeddable":true,"href":"https:\/\/3-a.eu\/de\/wp-json\/wp\/v2\/comments?post=5528"}],"version-history":[{"count":4,"href":"https:\/\/3-a.eu\/de\/wp-json\/wp\/v2\/pages\/5528\/revisions"}],"predecessor-version":[{"id":9693,"href":"https:\/\/3-a.eu\/de\/wp-json\/wp\/v2\/pages\/5528\/revisions\/9693"}],"wp:attachment":[{"href":"https:\/\/3-a.eu\/de\/wp-json\/wp\/v2\/media?parent=5528"}],"curies":[{"name":"wp","href":"https:\/\/api.w.org\/{rel}","templated":true}]}}