{"id":5548,"date":"2020-11-19T17:34:03","date_gmt":"2020-11-19T16:34:03","guid":{"rendered":"https:\/\/3-a.eu\/?page_id=5548"},"modified":"2026-01-15T18:04:12","modified_gmt":"2026-01-15T17:04:12","slug":"kontakt","status":"publish","type":"page","link":"https:\/\/3-a.eu\/de\/kontakt\/","title":{"rendered":"kontakt"},"content":{"rendered":"<section class=\"l-section wpb_row us_custom_8a9f865d height_medium full_height valign_top\"><div class=\"l-section-h i-cf\"><div class=\"g-cols vc_row via_flex valign_middle type_default stacking_default\"><div class=\"vc_col-sm-12 wpb_column vc_column_container\"><div class=\"vc_column-inner\"><div class=\"wpb_wrapper\"><div class=\"ult-animation  ult-animate-viewport  ult-no-mobile \" data-animate=\"fadeInUp\" data-animation-delay=\"0\" data-animation-duration=\"1\" data-animation-iteration=\"1\" style=\"opacity:0;\" data-opacity_start_effect=\"\">[vc_custom_heading text=&#8220;KONTAKT&#8220; font_container=&#8220;tag:h1|text_align:center&#8220; google_fonts=&#8220;font_family:Playfair%20Display%3Aregular%2Citalic%2C700%2C700italic%2C900%2C900italic|font_style:400%20regular%3A400%3Anormal&#8220; css=&#8220;%7B%22default%22%3A%7B%22line-height%22%3A%221%22%2C%22letter-spacing%22%3A%22-0.02em%22%2C%22margin-bottom%22%3A%2210px%22%7D%7D&#8220; el_class=&#8220;title-letter-spacing&#8220;]<\/div><div class=\"w-separator size_custom\" style=\"height:80px\"><\/div><div class=\"g-cols wpb_row us_custom_a62b1ab6 via_flex valign_top type_default stacking_default\" style=\"--additional-gap:4px;\"><div class=\"vc_col-sm-4 wpb_column vc_column_container\"><div class=\"vc_column-inner\"><div class=\"wpb_wrapper\"><div class=\"ult-just-icon-wrapper   vc_custom_1586462451869\"><div class=\"align-icon\" style=\"text-align:center;\">\n<div class=\"aio-icon-img \" style=\"font-size:30px;display:inline-block;\" >\n\t<img decoding=\"async\" class=\"img-icon\" alt=\"null\" src=\"https:\/\/3-a.eu\/wp-content\/uploads\/2020\/04\/place3.svg\"\/>\n<\/div><\/div><\/div><div class=\"wpb_text_column us_custom_224a407e\"><div class=\"wpb_wrapper\"><p style=\"text-align: center;\">os. Alberty\u0144skie 1-2\/115,<br \/>\n31-851 Krak\u00f3w<\/p>\n<\/div><\/div><\/div><\/div><\/div><div class=\"vc_col-sm-4 wpb_column vc_column_container\"><div class=\"vc_column-inner\"><div class=\"wpb_wrapper\"><div class=\"ult-just-icon-wrapper  \"><div class=\"align-icon\" style=\"text-align:center;\">\n<div class=\"aio-icon-img \" style=\"font-size:40px;display:inline-block;\" >\n\t<img decoding=\"async\" class=\"img-icon\" alt=\"null\" src=\"https:\/\/3-a.eu\/wp-content\/uploads\/2020\/04\/telephone.svg\"\/>\n<\/div><\/div><\/div><div class=\"wpb_text_column us_custom_ea76afbe\"><div class=\"wpb_wrapper\"><p style=\"text-align: center;\"><a class=\"w-text-h\" href=\"tel:+48602311003\"><span class=\"w-text-value\">+48 602 311 003<\/span><\/a><\/p>\n<\/div><\/div><\/div><\/div><\/div><div class=\"vc_col-sm-4 wpb_column vc_column_container\"><div class=\"vc_column-inner\"><div class=\"wpb_wrapper\"><div class=\"ult-just-icon-wrapper  \"><div class=\"align-icon\" style=\"text-align:center;\">\n<div class=\"aio-icon-img \" style=\"font-size:40px;display:inline-block;\" >\n\t<img decoding=\"async\" class=\"img-icon\" alt=\"null\" src=\"https:\/\/3-a.eu\/wp-content\/uploads\/2020\/04\/email-1-1.svg\"\/>\n<\/div><\/div><\/div><div class=\"wpb_text_column us_custom_ea76afbe\"><div class=\"wpb_wrapper\"><p style=\"text-align: center;\"><a class=\"w-text-h\" href=\"mailto:zespol@3-a.eu\"><span class=\"w-text-value\">zespol@3-a.eu<\/span><\/a><\/p>\n<\/div><\/div><\/div><\/div><\/div><\/div><div class=\"w-separator size_custom\" style=\"height:40px\"><\/div><div class=\"ult-just-icon-wrapper  \"><div class=\"align-icon\" style=\"text-align:center;\">\n<div class=\"aio-icon-img \" style=\"font-size:30px;display:inline-block;\" >\n\t<img decoding=\"async\" class=\"img-icon\" alt=\"null\" src=\"https:\/\/3-a.eu\/wp-content\/uploads\/2020\/03\/arrow-down.svg\"\/>\n<\/div><\/div><\/div><div class=\"w-separator size_custom\" style=\"height:40px\"><\/div><div class=\"g-cols wpb_row us_custom_41843a68 via_flex valign_top type_default stacking_default\" id=\"kontakt_form\"><div class=\"vc_col-sm-12 wpb_column vc_column_container\"><div class=\"vc_column-inner\"><div class=\"wpb_wrapper\">\n<div class=\"wpcf7 no-js\" id=\"wpcf7-f4-o1\" lang=\"pl-PL\" dir=\"ltr\" data-wpcf7-id=\"4\">\n<div class=\"screen-reader-response\"><p role=\"status\" aria-live=\"polite\" aria-atomic=\"true\"><\/p> <ul><\/ul><\/div>\n<form action=\"\/de\/wp-json\/wp\/v2\/pages\/5548#wpcf7-f4-o1\" method=\"post\" class=\"wpcf7-form init\" aria-label=\"Formularz kontaktowy\" novalidate=\"novalidate\" data-status=\"init\">\n<fieldset class=\"hidden-fields-container\"><input type=\"hidden\" name=\"_wpcf7\" value=\"4\" \/><input type=\"hidden\" name=\"_wpcf7_version\" value=\"6.1.5\" \/><input type=\"hidden\" name=\"_wpcf7_locale\" value=\"pl_PL\" \/><input type=\"hidden\" name=\"_wpcf7_unit_tag\" value=\"wpcf7-f4-o1\" \/><input type=\"hidden\" name=\"_wpcf7_container_post\" value=\"0\" \/><input type=\"hidden\" name=\"_wpcf7_posted_data_hash\" value=\"\" \/>\n<\/fieldset>\n<p><span class=\"fas fa-envelope\"><\/span><span class=\"wpcf7-form-control-wrap\" data-name=\"your-email\"><input size=\"40\" maxlength=\"400\" class=\"wpcf7-form-control wpcf7-email wpcf7-validates-as-required wpcf7-text wpcf7-validates-as-email\" aria-required=\"true\" aria-invalid=\"false\" placeholder=\"Email*\" value=\"\" type=\"email\" name=\"your-email\" \/><\/span>\n<\/p>\n<p><span class=\"fas fa-phone-alt\"><\/span><span class=\"wpcf7-form-control-wrap\" data-name=\"tel-97\"><input size=\"40\" maxlength=\"400\" class=\"wpcf7-form-control wpcf7-tel wpcf7-validates-as-required wpcf7-text wpcf7-validates-as-tel\" aria-required=\"true\" aria-invalid=\"false\" placeholder=\"Numer telefonu*\" value=\"\" type=\"tel\" name=\"tel-97\" \/><\/span>\n<\/p>\n<p><span class=\"fas fa-user\"><\/span><span class=\"wpcf7-form-control-wrap\" data-name=\"text-name\"><input size=\"40\" maxlength=\"400\" class=\"wpcf7-form-control wpcf7-text wpcf7-validates-as-required\" aria-required=\"true\" aria-invalid=\"false\" placeholder=\"Twoje imi\u0119\/nazwa firmy*\" value=\"\" type=\"text\" name=\"text-name\" \/><\/span>\n<\/p>\n<p><span class=\"fas fa-pencil\"><\/span><span class=\"wpcf7-form-control-wrap\" data-name=\"your-message\"><textarea cols=\"40\" rows=\"10\" maxlength=\"2000\" class=\"wpcf7-form-control wpcf7-textarea wpcf7-validates-as-required\" aria-required=\"true\" aria-invalid=\"false\" placeholder=\"W czym mo\u017cemy Ci pom\u00f3c?*\" name=\"your-message\"><\/textarea><\/span>\n<\/p>\n<p class=\"acceptance\"><br \/>\n<span class=\"wpcf7-form-control-wrap\" data-name=\"Przetwarzanie\"><span class=\"wpcf7-form-control wpcf7-acceptance\"><span class=\"wpcf7-list-item\"><label><input type=\"checkbox\" name=\"Przetwarzanie\" value=\"1\" aria-invalid=\"false\" \/><span class=\"wpcf7-list-item-label\">Wyra\u017cam zgod\u0119 na przetwarzanie moich danych osobowych (imi\u0119, nazwisko, adres e-mail, telefon) przez Agencja Marketingowa 3-A w celach realizacji zam\u00f3wienia.<\/span><\/label><\/span><\/span><\/span><br \/>\n<span class=\"wpcf7-form-control-wrap\" data-name=\"InformacjeHandlowe\"><span class=\"wpcf7-form-control wpcf7-acceptance optional\"><span class=\"wpcf7-list-item\"><label><input type=\"checkbox\" name=\"InformacjeHandlowe\" value=\"1\" aria-invalid=\"false\" \/><span class=\"wpcf7-list-item-label\">(opcja) Wyra\u017cam zgod\u0119 na otrzymywanie informacji handlowych drog\u0105 elektroniczn\u0105 na podany adres e-mail, wysy\u0142anych przez Agencja Marketingowa 3-A.<\/span><\/label><\/span><\/span><\/span>\n<\/p>\n<div class=\"submit-button\">\n\t<p><input class=\"wpcf7-form-control wpcf7-submit has-spinner\" type=\"submit\" value=\"Wy\u015blij\" \/>\n\t<\/p>\n<\/div><div class=\"wpcf7-response-output\" aria-hidden=\"true\"><\/div>\n<\/form>\n<\/div>\n<\/div><\/div><\/div><\/div><\/div><\/div><\/div><\/div><\/div><\/section>\n","protected":false},"excerpt":{"rendered":"[vc_custom_heading text=\"KONTAKT\" font_container=\"tag:h1|text_align:center\" google_fonts=\"font_family:Playfair%20Display%3Aregular%2Citalic%2C700%2C700italic%2C900%2C900italic|font_style:400%20regular%3A400%3Anormal\" css=\"%7B%22default%22%3A%7B%22line-height%22%3A%221%22%2C%22letter-spacing%22%3A%22-0.02em%22%2C%22margin-bottom%22%3A%2210px%22%7D%7D\" el_class=\"title-letter-spacing\"] os. Alberty\u0144skie 1-2\/115, 31-851 Krak\u00f3w +48 602 311 003 zespol@3-a.eu Wyra\u017cam zgod\u0119 na przetwarzanie moich danych osobowych (imi\u0119, nazwisko, adres e-mail, telefon) przez Agencja Marketingowa 3-A w celach realizacji zam\u00f3wienia. (opcja) Wyra\u017cam zgod\u0119 na otrzymywanie informacji handlowych drog\u0105 elektroniczn\u0105 na podany adres e-mail, wysy\u0142anych przez Agencja Marketingowa 3-A.","protected":false},"author":5,"featured_media":0,"parent":0,"menu_order":7,"comment_status":"closed","ping_status":"open","template":"","meta":{"footnotes":""},"class_list":["post-5548","page","type-page","status-publish","hentry"],"_links":{"self":[{"href":"https:\/\/3-a.eu\/de\/wp-json\/wp\/v2\/pages\/5548","targetHints":{"allow":["GET"]}}],"collection":[{"href":"https:\/\/3-a.eu\/de\/wp-json\/wp\/v2\/pages"}],"about":[{"href":"https:\/\/3-a.eu\/de\/wp-json\/wp\/v2\/types\/page"}],"author":[{"embeddable":true,"href":"https:\/\/3-a.eu\/de\/wp-json\/wp\/v2\/users\/5"}],"replies":[{"embeddable":true,"href":"https:\/\/3-a.eu\/de\/wp-json\/wp\/v2\/comments?post=5548"}],"version-history":[{"count":1,"href":"https:\/\/3-a.eu\/de\/wp-json\/wp\/v2\/pages\/5548\/revisions"}],"predecessor-version":[{"id":9521,"href":"https:\/\/3-a.eu\/de\/wp-json\/wp\/v2\/pages\/5548\/revisions\/9521"}],"wp:attachment":[{"href":"https:\/\/3-a.eu\/de\/wp-json\/wp\/v2\/media?parent=5548"}],"curies":[{"name":"wp","href":"https:\/\/api.w.org\/{rel}","templated":true}]}}