{"id":5346,"date":"2020-11-19T16:43:05","date_gmt":"2020-11-19T15:43:05","guid":{"rendered":"https:\/\/3-a.eu\/?page_id=5346"},"modified":"2026-02-03T13:04:25","modified_gmt":"2026-02-03T12:04:25","slug":"web-and-mobile-aplications","status":"publish","type":"page","link":"https:\/\/3-a.eu\/en\/web-and-mobile-aplications\/","title":{"rendered":"Web and mobile aplications"},"content":{"rendered":"<section class=\"l-section wpb_row us_custom_565be860 height_medium full_height valign_center\"><div class=\"l-section-h i-cf\"><div class=\"g-cols vc_row via_flex valign_middle type_default stacking_default\"><div class=\"vc_col-sm-12 wpb_column vc_column_container\"><div class=\"vc_column-inner us_custom_447bff20\"><div class=\"wpb_wrapper\"><div class=\"ult-animation  ult-animate-viewport  ult-no-mobile \" data-animate=\"fadeInUp\" data-animation-delay=\"0\" data-animation-duration=\"1\" data-animation-iteration=\"1\" style=\"opacity:0;\" data-opacity_start_effect=\"\">[vc_custom_heading text=&#8221;WEB AND MOBILE APPLICATIONS&#8221; font_container=&#8221;tag:h1|text_align:center&#8221; google_fonts=&#8221;font_family:Playfair%20Display%3Aregular%2Citalic%2C700%2C700italic%2C900%2C900italic|font_style:400%20regular%3A400%3Anormal&#8221; css=&#8221;%7B%22default%22%3A%7B%22line-height%22%3A%221%22%2C%22letter-spacing%22%3A%22-0.02em%22%2C%22margin-bottom%22%3A%2210px%22%7D%7D&#8221; el_class=&#8221;title-letter-spacing&#8221;]<\/div><div class=\"wpb_text_column us_custom_7e62da8d has_text_color\"><div class=\"wpb_wrapper\"><p style=\"text-align: center;\">We design personalized web and mobile applications. The experience gained will allow us to professionally assess your idea, determine its profitability, design and build on the basis of the latest technologies such as PHP, Ajax, JavaScript, XML, MySQL, MSSQL or Oracle.<\/p>\n<\/div><\/div><div class=\"wpb_text_column us_custom_f644af2b has_text_color\"><div class=\"wpb_wrapper\"><p style=\"text-align: center;\"><strong>The practices and tools used make us deliver the highest quality source code.<\/strong><\/p>\n<\/div><\/div>[vc_raw_html css=&#8221;%7B%22default%22%3A%7B%22margin-left%22%3A%22auto%22%2C%22margin-right%22%3A%22auto%22%7D%7D&#8221;]PGRpdiBjbGFzcz0ibW91c2UtaWNvbiI+PHN2ZyB4bWxucz0iaHR0cDovL3d3dy53My5vcmcvMjAwMC9zdmciIHhtbG5zOnhsaW5rPSJodHRwOi8vd3d3LnczLm9yZy8xOTk5L3hsaW5rIiB3aWR0aD0iMjBweCIgaGVpZ2h0PSIxMDAlIiB2aWV3Ym94PSIwIDAgMjQ3IDM5MCIgdmVyc2lvbj0iMS4xIiBzdHlsZT0iZmlsbC1ydWxlOmV2ZW5vZGQ7Y2xpcC1ydWxlOmV2ZW5vZGQ7c3Ryb2tlLWxpbmVjYXA6cm91bmQ7c3Ryb2tlLWxpbmVqb2luOnJvdW5kO3N0cm9rZS1taXRlcmxpbWl0OjEuNTsiPgoJPHBhdGggaWQ9IndoZWVsIiBkPSJNMTIzLjM1OSw3OS43NzVsMCw3Mi44NDMiIHN0eWxlPSJmaWxsOm5vbmU7c3Ryb2tlOiNEMjMzNUI7c3Ryb2tlLXdpZHRoOjIwcHg7Ij48L3BhdGg+Cgk8cGF0aCBpZD0ibW91c2UiIGQ9Ik0yMzYuNzE3LDEyMy4zNTljMCwtNjIuNTY1IC01MC43OTQsLTExMy4zNTkgLTExMy4zNTgsLTExMy4zNTljLTYyLjU2NSwwIC0xMTMuMzU5LDUwLjc5NCAtMTEzLjM1OSwxMTMuMzU5bDAsMTQzLjIzN2MwLDYyLjU2NSA1MC43OTQsMTEzLjM1OSAxMTMuMzU5LDExMy4zNTljNjIuNTY0LDAgMTEzLjM1OCwtNTAuNzk0IDExMy4zNTgsLTExMy4zNTlsMCwtMTQzLjIzN1oiIHN0eWxlPSJmaWxsOm5vbmU7c3Ryb2tlOiNEMjMzNUI7c3Ryb2tlLXdpZHRoOjIwcHg7Ij48L3BhdGg+Cjwvc3ZnPjwvZGl2Pg==[\/vc_raw_html]<\/div><\/div><\/div><\/div><\/div><\/section><section class=\"l-section wpb_row height_medium full_height valign_center with_img parallax_fixed\"><div class=\"l-section-img\" role=\"img\" aria-label=\"Image\" data-img-width=\"2560\" data-img-height=\"1600\" style=\"background-image: url(https:\/\/3-a.eu\/wp-content\/uploads\/2020\/02\/aplikacje-mobilne-bg1.jpg);background-repeat: no-repeat;\"><\/div><div class=\"l-section-h i-cf\"><div class=\"g-cols vc_row via_flex valign_top type_default stacking_default\"><div class=\"vc_col-sm-12 wpb_column vc_column_container has_bg_color\"><div class=\"vc_column-inner us_custom_62f8b072\"><div class=\"wpb_wrapper\">[vc_custom_heading text=&#8221;Features of our applications&#8221; font_container=&#8221;tag:h2|text_align:center&#8221; google_fonts=&#8221;font_family:Oswald%3A300%2Cregular%2C700|font_style:400%20regular%3A400%3Anormal&#8221; css=&#8221;%7B%22default%22%3A%7B%22color%22%3A%22%231D1D1B%22%2C%22text-transform%22%3A%22uppercase%22%2C%22font-size%22%3A%2234px%22%2C%22margin-bottom%22%3A%220%22%7D%7D&#8221;]<div class=\"wpb_text_column us_custom_29992831 has_text_color\"><div class=\"wpb_wrapper\"><p style=\"text-align: center;\">We design mobile and web applications for a variety of applications. Based on the analysis of your requirements we will present you with possible solutions with their pros and cons.<\/p>\n<\/div><\/div><div class=\"w-separator size_custom\" style=\"height:20px\"><\/div><div class=\"g-cols wpb_row via_flex valign_top type_default stacking_default\"><div class=\"vc_col-sm-3 wpb_column vc_column_container\"><div class=\"vc_column-inner\"><div class=\"wpb_wrapper\"><div id=\"ultimate-heading-827969dfbd1a5e992\" class=\"uvc-heading ult-adjust-bottom-margin ultimate-heading-827969dfbd1a5e992 uvc-4453 \" data-hspacer=\"no_spacer\"  data-halign=\"center\" style=\"text-align:center\"><div class=\"uvc-heading-spacer no_spacer\" style=\"top\"><\/div><div class=\"uvc-main-heading ult-responsive\"  data-ultimate-target='.uvc-heading.ultimate-heading-827969dfbd1a5e992 h3'  data-responsive-json-new='{\"font-size\":\"desktop:20px;\",\"line-height\":\"desktop:25px;\"}' ><h3 style=\"font-weight:bold;color:#d2335b;margin-bottom:10px;\">UX<\/h3><\/div><\/div><div class=\"ult-just-icon-wrapper  \"><div class=\"align-icon\" style=\"text-align:center;\">\n<div class=\"aio-icon-img \" style=\"font-size:48px;display:inline-block;\" >\n\t<img decoding=\"async\" class=\"img-icon\" alt=\"null\" src=\"https:\/\/3-a.eu\/wp-content\/uploads\/2020\/02\/ux-1.svg\"\/>\n<\/div><\/div><\/div><div class=\"wpb_text_column us_custom_a16392b1\"><div class=\"wpb_wrapper\"><p style=\"text-align: center;\">We will prepare for you an attractive graphic design of a mobile or web application based on the latest trends and an intuitive interface that will distinguish you from the competition. We know perfectly well the behavior of application users, so we know how to design them in such a way as to achieve the best results. Our mobile and web application projects are intuitive, functional and user-friendly. With us your application will gain unique style!<\/p>\n<\/div><\/div><\/div><\/div><\/div><div class=\"vc_col-sm-3 wpb_column vc_column_container\"><div class=\"vc_column-inner\"><div class=\"wpb_wrapper\"><div id=\"ultimate-heading-948569dfbd1a5f19f\" class=\"uvc-heading ult-adjust-bottom-margin ultimate-heading-948569dfbd1a5f19f uvc-2957 \" data-hspacer=\"no_spacer\"  data-halign=\"center\" style=\"text-align:center\"><div class=\"uvc-heading-spacer no_spacer\" style=\"top\"><\/div><div class=\"uvc-main-heading ult-responsive\"  data-ultimate-target='.uvc-heading.ultimate-heading-948569dfbd1a5f19f h3'  data-responsive-json-new='{\"font-size\":\"desktop:20px;\",\"line-height\":\"desktop:25px;\"}' ><h3 style=\"font-weight:bold;color:#d2335b;margin-bottom:10px;\">SAFETY<\/h3><\/div><\/div><div class=\"w-iconbox us_custom_4fd89a8b iconpos_top style_default color_custom align_center no_text no_title\"><div class=\"w-iconbox-icon\" style=\"font-size:2rem;--icon-color:#000000;\"><i class=\"fas fa-bullseye-arrow\"><\/i><\/div><div class=\"w-iconbox-meta\"><\/div><\/div><div class=\"wpb_text_column us_custom_a16392b1\"><div class=\"wpb_wrapper\"><p style=\"text-align: center;\">We are constantly working on improving the systems we provide. We are constantly testing new technologies and improving our skills in the field of new solutions. With us, you can be sure of the quality of your application.<\/p>\n<\/div><\/div><\/div><\/div><\/div><div class=\"vc_col-sm-3 wpb_column vc_column_container\"><div class=\"vc_column-inner\"><div class=\"wpb_wrapper\"><div id=\"ultimate-heading-293169dfbd1a5f4ba\" class=\"uvc-heading ult-adjust-bottom-margin ultimate-heading-293169dfbd1a5f4ba uvc-4895 \" data-hspacer=\"no_spacer\"  data-halign=\"center\" style=\"text-align:center\"><div class=\"uvc-heading-spacer no_spacer\" style=\"top\"><\/div><div class=\"uvc-main-heading ult-responsive\"  data-ultimate-target='.uvc-heading.ultimate-heading-293169dfbd1a5f4ba h3'  data-responsive-json-new='{\"font-size\":\"desktop:20px;\",\"line-height\":\"desktop:25px;\"}' ><h3 style=\"font-weight:bold;color:#d2335b;margin-bottom:10px;\">RESPONSIVE PROJECT<\/h3><\/div><\/div><div class=\"ult-just-icon-wrapper  \"><div class=\"align-icon\" style=\"text-align:center;\">\n<div class=\"aio-icon-img \" style=\"font-size:48px;display:inline-block;\" >\n\t<img decoding=\"async\" class=\"img-icon\" alt=\"null\" src=\"https:\/\/3-a.eu\/wp-content\/uploads\/2020\/02\/responsive.svg\"\/>\n<\/div><\/div><\/div><div class=\"wpb_text_column us_custom_a16392b1\"><div class=\"wpb_wrapper\"><p style=\"text-align: center;\">There are thousands of different display sizes available on the market. Zapewniamy wysok\u0105 jako\u015b\u0107 i responsywno\u015b\u0107, wszystkim naszym aplikacjom na ka\u017cdym z nich.<\/p>\n<\/div><\/div><\/div><\/div><\/div><div class=\"vc_col-sm-3 wpb_column vc_column_container\"><div class=\"vc_column-inner\"><div class=\"wpb_wrapper\"><div id=\"ultimate-heading-529469dfbd1a5fc1a\" class=\"uvc-heading ult-adjust-bottom-margin ultimate-heading-529469dfbd1a5fc1a uvc-8066 \" data-hspacer=\"no_spacer\"  data-halign=\"center\" style=\"text-align:center\"><div class=\"uvc-heading-spacer no_spacer\" style=\"top\"><\/div><div class=\"uvc-main-heading ult-responsive\"  data-ultimate-target='.uvc-heading.ultimate-heading-529469dfbd1a5fc1a h3'  data-responsive-json-new='{\"font-size\":\"desktop:20px;\",\"line-height\":\"desktop:25px;\"}' ><h3 style=\"font-weight:bold;color:#d2335b;margin-bottom:10px;\">COMMUNICATION<\/h3><\/div><\/div><div class=\"ult-just-icon-wrapper  \"><div class=\"align-icon\" style=\"text-align:center;\">\n<div class=\"aio-icon-img \" style=\"font-size:48px;display:inline-block;\" >\n\t<img decoding=\"async\" class=\"img-icon\" alt=\"null\" src=\"https:\/\/3-a.eu\/wp-content\/uploads\/2020\/02\/chat-box.svg\"\/>\n<\/div><\/div><\/div><div class=\"wpb_text_column us_custom_a16392b1\"><div class=\"wpb_wrapper\"><p style=\"text-align: center;\">We constantly monitor our customers&#8217; opinions and, on the basis of their comments, introduce appropriate updates, which makes our mobile and web applications perfectly suited to the needs of their customers.<\/p>\n<\/div><\/div><\/div><\/div><\/div><\/div><div class=\"w-separator size_custom\" style=\"height:20px\"><\/div><div class=\"w-btn-wrapper align_center\"><a class=\"w-btn us-btn-style_5\" title=\"contact\" href=\"https:\/\/3-a.eu\/en\/contact\/\"><span class=\"w-btn-label\">contact us<\/span><\/a><\/div><div class=\"w-separator size_custom\" style=\"height:20px\"><\/div>[vc_raw_html css=&#8221;%7B%22default%22%3A%7B%22margin-left%22%3A%22auto%22%2C%22margin-right%22%3A%22auto%22%7D%7D&#8221;]PGRpdiBjbGFzcz0ibW91c2UtaWNvbiI+PHN2ZyB4bWxucz0iaHR0cDovL3d3dy53My5vcmcvMjAwMC9zdmciIHhtbG5zOnhsaW5rPSJodHRwOi8vd3d3LnczLm9yZy8xOTk5L3hsaW5rIiB3aWR0aD0iMjBweCIgaGVpZ2h0PSIxMDAlIiB2aWV3Ym94PSIwIDAgMjQ3IDM5MCIgdmVyc2lvbj0iMS4xIiBzdHlsZT0iZmlsbC1ydWxlOmV2ZW5vZGQ7Y2xpcC1ydWxlOmV2ZW5vZGQ7c3Ryb2tlLWxpbmVjYXA6cm91bmQ7c3Ryb2tlLWxpbmVqb2luOnJvdW5kO3N0cm9rZS1taXRlcmxpbWl0OjEuNTsiPgoJPHBhdGggaWQ9IndoZWVsIiBkPSJNMTIzLjM1OSw3OS43NzVsMCw3Mi44NDMiIHN0eWxlPSJmaWxsOm5vbmU7c3Ryb2tlOiNmZmY7c3Ryb2tlLXdpZHRoOjIwcHg7Ij48L3BhdGg+Cgk8cGF0aCBpZD0ibW91c2UiIGQ9Ik0yMzYuNzE3LDEyMy4zNTljMCwtNjIuNTY1IC01MC43OTQsLTExMy4zNTkgLTExMy4zNTgsLTExMy4zNTljLTYyLjU2NSwwIC0xMTMuMzU5LDUwLjc5NCAtMTEzLjM1OSwxMTMuMzU5bDAsMTQzLjIzN2MwLDYyLjU2NSA1MC43OTQsMTEzLjM1OSAxMTMuMzU5LDExMy4zNTljNjIuNTY0LDAgMTEzLjM1OCwtNTAuNzk0IDExMy4zNTgsLTExMy4zNTlsMCwtMTQzLjIzN1oiIHN0eWxlPSJmaWxsOm5vbmU7c3Ryb2tlOiNmZmY7c3Ryb2tlLXdpZHRoOjIwcHg7Ij48L3BhdGg+Cjwvc3ZnPjwvZGl2Pg==[\/vc_raw_html]<\/div><\/div><\/div><\/div><\/div><\/section><section class=\"l-section wpb_row us_custom_8535c5f4 height_medium\"><div class=\"l-section-h i-cf\"><div class=\"g-cols vc_row via_flex valign_top type_default stacking_default\"><div class=\"vc_col-sm-12 wpb_column vc_column_container\"><div class=\"vc_column-inner\"><div class=\"wpb_wrapper\">[vc_custom_heading text=&#8221;How much does it cost?&#8221; font_container=&#8221;tag:h2|text_align:center&#8221; google_fonts=&#8221;font_family:Oswald%3A300%2Cregular%2C700|font_style:400%20regular%3A400%3Anormal&#8221; css=&#8221;%7B%22default%22%3A%7B%22color%22%3A%22%231D1D1B%22%2C%22text-transform%22%3A%22uppercase%22%2C%22font-size%22%3A%2234px%22%2C%22margin-bottom%22%3A%220%22%7D%7D&#8221;]<div class=\"w-separator size_custom\" style=\"height:20px\"><\/div><div class=\"ult-just-icon-wrapper  \"><div class=\"align-icon\" style=\"text-align:center;\">\n<div class=\"aio-icon-img \" style=\"font-size:48px;display:inline-block;\" >\n\t<img decoding=\"async\" class=\"img-icon\" alt=\"null\" src=\"https:\/\/3-a.eu\/wp-content\/uploads\/2020\/03\/budget.svg\"\/>\n<\/div><\/div><\/div><div class=\"w-separator size_custom\" style=\"height:20px\"><\/div><div class=\"wpb_text_column us_custom_d7d4b73d\"><div class=\"wpb_wrapper\"><p style=\"text-align: center;\">Detailed valuation will be prepared on the basis of consultations after receiving a request for proposal.<\/p>\n<p style=\"text-align: center;\"><strong>Trust the experts and get in touch to price your planned project!<\/strong><\/p>\n<\/div><\/div><section class=\"l-section wpb_row us_custom_fdcab3db height_medium\"><div class=\"l-section-h i-cf\"><div class=\"g-cols vc_row via_flex valign_top type_default stacking_default\"><div class=\"vc_col-sm-12 wpb_column vc_column_container\"><div class=\"vc_column-inner\"><div class=\"wpb_wrapper\"><div id=\"ultimate-heading-669769dfbd1a61569\" class=\"uvc-heading ult-adjust-bottom-margin ultimate-heading-669769dfbd1a61569 uvc-3275 \" data-hspacer=\"no_spacer\"  data-halign=\"center\" style=\"text-align:center\"><div class=\"uvc-heading-spacer no_spacer\" style=\"top\"><\/div><div class=\"uvc-main-heading ult-responsive\"  data-ultimate-target='.uvc-heading.ultimate-heading-669769dfbd1a61569 h2'  data-responsive-json-new='{\"font-size\":\"desktop:40px;\",\"line-height\":\"\"}' ><h2 style=\"font-family:&#039;Oswald&#039;;font-weight:normal;color:#111111;\">ASK FOR AN OFFER<\/h2><\/div><\/div><div class=\"w-btn-wrapper align_center\"><a class=\"w-btn us-btn-style_7\" title=\"contact\" href=\"https:\/\/3-a.eu\/en\/contact\/\"><span class=\"w-btn-label\">CONTACT<\/span><\/a><\/div><\/div><\/div><\/div><\/div><\/div><\/section>\n<\/div><\/div><\/div><\/div><\/div><\/section>\n","protected":false},"excerpt":{"rendered":"[vc_custom_heading text=\"WEB AND MOBILE APPLICATIONS\" font_container=\"tag:h1|text_align:center\" google_fonts=\"font_family:Playfair%20Display%3Aregular%2Citalic%2C700%2C700italic%2C900%2C900italic|font_style:400%20regular%3A400%3Anormal\" css=\"%7B%22default%22%3A%7B%22line-height%22%3A%221%22%2C%22letter-spacing%22%3A%22-0.02em%22%2C%22margin-bottom%22%3A%2210px%22%7D%7D\" el_class=\"title-letter-spacing\"]We design personalized web and mobile applications. The experience gained will allow us to professionally assess your idea, determine its profitability, design and build on the basis of the latest technologies such as PHP, Ajax, JavaScript, XML, MySQL, MSSQL or Oracle. The practices and tools used make...","protected":false},"author":5,"featured_media":0,"parent":0,"menu_order":16,"comment_status":"closed","ping_status":"closed","template":"","meta":{"footnotes":""},"class_list":["post-5346","page","type-page","status-publish","hentry"],"_links":{"self":[{"href":"https:\/\/3-a.eu\/en\/wp-json\/wp\/v2\/pages\/5346","targetHints":{"allow":["GET"]}}],"collection":[{"href":"https:\/\/3-a.eu\/en\/wp-json\/wp\/v2\/pages"}],"about":[{"href":"https:\/\/3-a.eu\/en\/wp-json\/wp\/v2\/types\/page"}],"author":[{"embeddable":true,"href":"https:\/\/3-a.eu\/en\/wp-json\/wp\/v2\/users\/5"}],"replies":[{"embeddable":true,"href":"https:\/\/3-a.eu\/en\/wp-json\/wp\/v2\/comments?post=5346"}],"version-history":[{"count":4,"href":"https:\/\/3-a.eu\/en\/wp-json\/wp\/v2\/pages\/5346\/revisions"}],"predecessor-version":[{"id":9678,"href":"https:\/\/3-a.eu\/en\/wp-json\/wp\/v2\/pages\/5346\/revisions\/9678"}],"wp:attachment":[{"href":"https:\/\/3-a.eu\/en\/wp-json\/wp\/v2\/media?parent=5346"}],"curies":[{"name":"wp","href":"https:\/\/api.w.org\/{rel}","templated":true}]}}