{"id":5370,"date":"2020-11-19T16:47:48","date_gmt":"2020-11-19T15:47:48","guid":{"rendered":"https:\/\/3-a.eu\/?page_id=5370"},"modified":"2026-02-03T13:01:19","modified_gmt":"2026-02-03T12:01:19","slug":"branding","status":"publish","type":"page","link":"https:\/\/3-a.eu\/en\/branding\/","title":{"rendered":"Branding"},"content":{"rendered":"<section class=\"l-section wpb_row us_custom_f7e589c7 height_medium full_height valign_center\"><div class=\"l-section-h i-cf\"><div class=\"g-cols vc_row via_flex valign_middle type_default stacking_default\"><div class=\"vc_col-sm-12 wpb_column vc_column_container\"><div class=\"vc_column-inner\"><div class=\"wpb_wrapper\"><div class=\"ult-animation  ult-animate-viewport  ult-no-mobile \" data-animate=\"fadeInUp\" data-animation-delay=\"0\" data-animation-duration=\"1\" data-animation-iteration=\"1\" style=\"opacity:0;\" data-opacity_start_effect=\"\">[vc_custom_heading text=&#8221;VISUAL IDENTIFICATION&#8221; font_container=&#8221;tag:h1|text_align:center&#8221; google_fonts=&#8221;font_family:Playfair%20Display%3Aregular%2Citalic%2C700%2C700italic%2C900%2C900italic|font_style:400%20regular%3A400%3Anormal&#8221; css=&#8221;%7B%22default%22%3A%7B%22line-height%22%3A%221%22%2C%22letter-spacing%22%3A%22-0.02em%22%2C%22margin-bottom%22%3A%2210px%22%7D%7D&#8221; el_class=&#8221;title-letter-spacing&#8221;]<\/div><div class=\"wpb_text_column us_custom_7e62da8d has_text_color\"><div class=\"wpb_wrapper\"><p style=\"text-align: center;\">Branding is not only a logo, but also number of different actions that target in building your visual identification It will make you stand out from the competition and your brand will be perceived as planned.<\/p>\n<p style=\"text-align: center;\">Branding makes clients believe that your business will meets their expectations and create a strongt bond with them. To make this happen, we will help you meet your customers&#8217; needs and offer values with which they can identify themselves, which will make the brand evoke positive emotions and associations. Thanks to well prepared, appropriate visual identification your brand will become one of the most important resources of your business with which you will be able to build its financial capital. We will analyze what are your business&#8217; most important assets and together create very successful brand.<\/p>\n<p style=\"text-align: center;\">We will comprehensively create the image of your brand, starting with its name and the elements of visual identity you specify, through the implementation of the website to the launch of an advertising campaign.<\/p>\n<\/div><\/div><div class=\"wpb_text_column us_custom_6393d88f has_text_color\"><div class=\"wpb_wrapper\"><p style=\"text-align: center;\"><strong>We will help you create a consistent and well-thought-out identification, whose intangible capital increases with your investment!<\/strong><\/p>\n<\/div><\/div><div class=\"w-separator size_custom\" style=\"height:20px\"><\/div><div class=\"w-separator size_custom\" style=\"height:1px\"><\/div><div class=\"g-cols wpb_row via_flex valign_top type_default stacking_default\"><div class=\"vc_col-sm-3 wpb_column vc_column_container\"><div class=\"vc_column-inner\"><div class=\"wpb_wrapper\"><\/div><\/div><\/div><div class=\"vc_col-sm-3 wpb_column vc_column_container\"><div class=\"vc_column-inner\"><div class=\"wpb_wrapper\"><div class=\"w-btn-wrapper align_center\"><a class=\"w-btn us-btn-style_8 us_custom_32d22e91\" title=\"Graphics\" href=\"https:\/\/3-a.eu\/en\/graphics\/\"><span class=\"w-btn-label\">GRAPHICS<\/span><\/a><\/div><\/div><\/div><\/div><div class=\"vc_col-sm-3 wpb_column vc_column_container\"><div class=\"vc_column-inner\"><div class=\"wpb_wrapper\"><div class=\"w-btn-wrapper align_center\"><a class=\"w-btn us-btn-style_8 us_custom_32d22e91\" title=\"Graphics\" href=\"https:\/\/3-a.eu\/en\/printing-of-advertising-materials\/\"><span class=\"w-btn-label\">PRINTING<\/span><\/a><\/div><\/div><\/div><\/div><div class=\"vc_col-sm-3 wpb_column vc_column_container\"><div class=\"vc_column-inner\"><div class=\"wpb_wrapper\"><\/div><\/div><\/div><\/div><div class=\"w-separator size_custom\" style=\"height:20px\"><\/div><\/div><\/div><\/div><\/div><\/div><\/section><section class=\"l-section wpb_row height_medium full_height valign_center with_img parallax_fixed\"><div class=\"l-section-img\" role=\"img\" aria-label=\"Image\" data-img-width=\"2560\" data-img-height=\"1600\" style=\"background-image: url(https:\/\/3-a.eu\/wp-content\/uploads\/2020\/02\/identyfikacja-bg1.jpg);background-repeat: no-repeat;\"><\/div><div class=\"l-section-h i-cf\"><div class=\"g-cols vc_row via_flex valign_top type_default stacking_default\"><div class=\"vc_col-sm-12 wpb_column vc_column_container has_bg_color\"><div class=\"vc_column-inner us_custom_62f8b072\"><div class=\"wpb_wrapper\">[vc_custom_heading text=&#8221;How can we help you?&#8221; font_container=&#8221;tag:h2|text_align:center&#8221; google_fonts=&#8221;font_family:Oswald%3A300%2Cregular%2C700|font_style:400%20regular%3A400%3Anormal&#8221; css=&#8221;%7B%22default%22%3A%7B%22color%22%3A%22%231D1D1B%22%2C%22text-transform%22%3A%22uppercase%22%2C%22font-size%22%3A%2234px%22%2C%22margin-bottom%22%3A%220%22%7D%7D&#8221;]<div class=\"w-separator size_custom\" style=\"height:20px\"><\/div><div class=\"g-cols wpb_row via_flex valign_top type_default stacking_default\"><div class=\"vc_col-sm-4 wpb_column vc_column_container\"><div class=\"vc_column-inner\"><div class=\"wpb_wrapper\"><div id=\"ultimate-heading-786069dfbd1a5f04d\" class=\"uvc-heading ult-adjust-bottom-margin ultimate-heading-786069dfbd1a5f04d uvc-4832 \" data-hspacer=\"no_spacer\"  data-halign=\"center\" style=\"text-align:center\"><div class=\"uvc-heading-spacer no_spacer\" style=\"top\"><\/div><div class=\"uvc-main-heading ult-responsive\"  data-ultimate-target='.uvc-heading.ultimate-heading-786069dfbd1a5f04d h3'  data-responsive-json-new='{\"font-size\":\"desktop:20px;\",\"line-height\":\"desktop:25px;\"}' ><h3 style=\"font-weight:bold;color:#d2335b;margin-bottom:10px;\">NAMING<\/h3><\/div><\/div><div class=\"ult-just-icon-wrapper  \"><div class=\"align-icon\" style=\"text-align:center;\">\n<div class=\"aio-icon-img \" style=\"font-size:48px;display:inline-block;\" >\n\t<img decoding=\"async\" class=\"img-icon\" alt=\"null\" src=\"https:\/\/3-a.eu\/wp-content\/uploads\/2020\/02\/content.svg\"\/>\n<\/div><\/div><\/div><div class=\"wpb_text_column us_custom_a16392b1\"><div class=\"wpb_wrapper\"><p style=\"text-align: center;\">A strong brand always starts with a catchy name. Currently, in a very competitive market, a name that is easy to remember is a key element and the basis for building a strong brand. It will allow you to stand out from the competition. Therefore, we approach naming projects with great care and commitment. We always verify the availability of names in the online databases of the PPO.<\/p>\n<\/div><\/div><\/div><\/div><\/div><div class=\"vc_col-sm-4 wpb_column vc_column_container\"><div class=\"vc_column-inner\"><div class=\"wpb_wrapper\"><div id=\"ultimate-heading-393769dfbd1a5f94a\" class=\"uvc-heading ult-adjust-bottom-margin ultimate-heading-393769dfbd1a5f94a uvc-4960 \" data-hspacer=\"no_spacer\"  data-halign=\"center\" style=\"text-align:center\"><div class=\"uvc-heading-spacer no_spacer\" style=\"top\"><\/div><div class=\"uvc-main-heading ult-responsive\"  data-ultimate-target='.uvc-heading.ultimate-heading-393769dfbd1a5f94a h3'  data-responsive-json-new='{\"font-size\":\"desktop:20px;\",\"line-height\":\"desktop:25px;\"}' ><h3 style=\"font-weight:bold;color:#d2335b;margin-bottom:10px;\">LOGO<\/h3><\/div><\/div><div class=\"ult-just-icon-wrapper  \"><div class=\"align-icon\" style=\"text-align:center;\">\n<div class=\"aio-icon-img \" style=\"font-size:48px;display:inline-block;\" >\n\t<img decoding=\"async\" class=\"img-icon\" alt=\"null\" src=\"https:\/\/3-a.eu\/wp-content\/uploads\/2020\/02\/sketch.svg\"\/>\n<\/div><\/div><\/div><div class=\"wpb_text_column us_custom_a16392b1\"><div class=\"wpb_wrapper\"><p style=\"text-align: center;\">It is a key element of the visual identification system of each brand, because it is the most exposed graphic element. A properly designed logo encodes in the customer&#8217;s consciousness such values and emotions with which the brand wants to be identified and allows to distinguish it from the competition. That is why our logotypes are fully adapted to the personality and communication of the brand, which makes them a perfect fit for potential customers.<\/p>\n<\/div><\/div><\/div><\/div><\/div><div class=\"vc_col-sm-4 wpb_column vc_column_container\"><div class=\"vc_column-inner\"><div class=\"wpb_wrapper\"><div id=\"ultimate-heading-357469dfbd1a5fe87\" class=\"uvc-heading ult-adjust-bottom-margin ultimate-heading-357469dfbd1a5fe87 uvc-6492 \" data-hspacer=\"no_spacer\"  data-halign=\"center\" style=\"text-align:center\"><div class=\"uvc-heading-spacer no_spacer\" style=\"top\"><\/div><div class=\"uvc-main-heading ult-responsive\"  data-ultimate-target='.uvc-heading.ultimate-heading-357469dfbd1a5fe87 h3'  data-responsive-json-new='{\"font-size\":\"desktop:20px;\",\"line-height\":\"desktop:25px;\"}' ><h3 style=\"font-weight:bold;color:#d2335b;margin-bottom:10px;\">BRAND DESIGN<\/h3><\/div><\/div><div class=\"ult-just-icon-wrapper  \"><div class=\"align-icon\" style=\"text-align:center;\">\n<div class=\"aio-icon-img \" style=\"font-size:48px;display:inline-block;\" >\n\t<img decoding=\"async\" class=\"img-icon\" alt=\"null\" src=\"https:\/\/3-a.eu\/wp-content\/uploads\/2020\/02\/creativity.svg\"\/>\n<\/div><\/div><\/div><div class=\"wpb_text_column us_custom_a16392b1\"><div class=\"wpb_wrapper\"><p style=\"text-align: center;\">In other words, key visual, defines the world of the brand and its fixed elements, which invariably appear on promotional materials. Brand design allows the brand to stand out and guarantees visual originality. The right visual setting of the company and products increases revenues independently of other marketing activities. A consistent image evokes the right associations and emotions, which are the basis for the development of the company and its position on the market.<\/p>\n<\/div><\/div><\/div><\/div><\/div><\/div><div class=\"w-separator size_custom\" style=\"height:20px\"><\/div><div class=\"g-cols wpb_row via_flex valign_top type_default stacking_default\"><div class=\"vc_col-sm-6 wpb_column vc_column_container\"><div class=\"vc_column-inner\"><div class=\"wpb_wrapper\"><div id=\"ultimate-heading-751069dfbd1a6043f\" class=\"uvc-heading ult-adjust-bottom-margin ultimate-heading-751069dfbd1a6043f uvc-5344 \" data-hspacer=\"no_spacer\"  data-halign=\"center\" style=\"text-align:center\"><div class=\"uvc-heading-spacer no_spacer\" style=\"top\"><\/div><div class=\"uvc-main-heading ult-responsive\"  data-ultimate-target='.uvc-heading.ultimate-heading-751069dfbd1a6043f h3'  data-responsive-json-new='{\"font-size\":\"desktop:20px;\",\"line-height\":\"desktop:25px;\"}' ><h3 style=\"font-weight:bold;color:#d2335b;margin-bottom:10px;\">BRAND BOOK<\/h3><\/div><\/div><div class=\"ult-just-icon-wrapper  \"><div class=\"align-icon\" style=\"text-align:center;\">\n<div class=\"aio-icon-img \" style=\"font-size:48px;display:inline-block;\" >\n\t<img decoding=\"async\" class=\"img-icon\" alt=\"null\" src=\"https:\/\/3-a.eu\/wp-content\/uploads\/2020\/02\/book.svg\"\/>\n<\/div><\/div><\/div><div class=\"wpb_text_column us_custom_a16392b1\"><div class=\"wpb_wrapper\"><p style=\"text-align: center;\">A document describing the rules of using the brand logo and its brand design for all people who will use them. Brand book is a manual for the visual aspects of the brand. It is a complete cross-section of visual identification, including a set of colors, typeface and designs of most of the company&#8217;s marketing materials, including business cards, folders and necessary company forms. It contains possibilities of practical application of the company&#8217;s graphic style, which allows to maintain a uniform image. Sp\u00f3jno\u015b\u0107 stylu to najlepszy spos\u00f3b budowania trwa\u0142ej warto\u015bci marki.<\/p>\n<\/div><\/div><\/div><\/div><\/div><div class=\"vc_col-sm-6 wpb_column vc_column_container\"><div class=\"vc_column-inner\"><div class=\"wpb_wrapper\"><div id=\"ultimate-heading-760169dfbd1a6092d\" class=\"uvc-heading ult-adjust-bottom-margin ultimate-heading-760169dfbd1a6092d uvc-2870 \" data-hspacer=\"no_spacer\"  data-halign=\"center\" style=\"text-align:center\"><div class=\"uvc-heading-spacer no_spacer\" style=\"top\"><\/div><div class=\"uvc-main-heading ult-responsive\"  data-ultimate-target='.uvc-heading.ultimate-heading-760169dfbd1a6092d h3'  data-responsive-json-new='{\"font-size\":\"desktop:20px;\",\"line-height\":\"desktop:25px;\"}' ><h3 style=\"font-weight:bold;color:#d2335b;margin-bottom:10px;\">REBRANDING<\/h3><\/div><\/div><div class=\"ult-just-icon-wrapper  \"><div class=\"align-icon\" style=\"text-align:center;\">\n<div class=\"aio-icon-img \" style=\"font-size:48px;display:inline-block;\" >\n\t<img decoding=\"async\" class=\"img-icon\" alt=\"null\" src=\"https:\/\/3-a.eu\/wp-content\/uploads\/2020\/02\/study.svg\"\/>\n<\/div><\/div><\/div><div class=\"wpb_text_column us_custom_a16392b1\"><div class=\"wpb_wrapper\"><p style=\"text-align: center;\">It aims at transforming the visual aspects of the brand, refreshing and modernizing its image in the eyes of its recipients, thus increasing its value. It is not uncommon for companies to change the scope of their activities and decide on rebranding. Each rebranding project starts with an analysis of the current image of the company, during which we select its strongest assets and weakest points. Then, based on a thorough analysis, we recommend changes that will give the brand a refreshed image and strengthen its value.<\/p>\n<\/div><\/div><\/div><\/div><\/div><\/div><div class=\"w-separator size_custom\" style=\"height:20px\"><\/div><div class=\"w-btn-wrapper align_center\"><a class=\"w-btn us-btn-style_5\" title=\"contact\" href=\"https:\/\/3-a.eu\/en\/contact\/\"><span class=\"w-btn-label\">contact us<\/span><\/a><\/div><div class=\"w-separator size_custom\" style=\"height:20px\"><\/div><\/div><\/div><\/div><\/div><\/div><\/section><section class=\"l-section wpb_row us_custom_8535c5f4 height_medium\"><div class=\"l-section-h i-cf\"><div class=\"g-cols vc_row via_flex valign_top type_default stacking_default\"><div class=\"vc_col-sm-12 wpb_column vc_column_container\"><div class=\"vc_column-inner\"><div class=\"wpb_wrapper\">[vc_custom_heading text=&#8221;How much does it cost?&#8221; font_container=&#8221;tag:h2|text_align:center&#8221; google_fonts=&#8221;font_family:Oswald%3A300%2Cregular%2C700|font_style:400%20regular%3A400%3Anormal&#8221; css=&#8221;%7B%22default%22%3A%7B%22color%22%3A%22%231D1D1B%22%2C%22text-transform%22%3A%22uppercase%22%2C%22font-size%22%3A%2234px%22%2C%22margin-bottom%22%3A%220%22%7D%7D&#8221;]<div class=\"w-separator size_custom\" style=\"height:20px\"><\/div><div class=\"ult-just-icon-wrapper  \"><div class=\"align-icon\" style=\"text-align:center;\">\n<div class=\"aio-icon-img \" style=\"font-size:48px;display:inline-block;\" >\n\t<img decoding=\"async\" class=\"img-icon\" alt=\"null\" src=\"https:\/\/3-a.eu\/wp-content\/uploads\/2020\/03\/budget.svg\"\/>\n<\/div><\/div><\/div><div class=\"w-separator size_custom\" style=\"height:20px\"><\/div><div class=\"wpb_text_column us_custom_d7d4b73d\"><div class=\"wpb_wrapper\"><p style=\"text-align: center;\">We determine the valuation of activities individually on the basis of the scope of work to be performed. Therefore, contact us for a free project valuation and our specialists will help you create not only external attributes of the brand, but also a functional website or advertising materials supporting the sales processes!<\/p>\n<\/div><\/div><section class=\"l-section wpb_row us_custom_fdcab3db height_medium\"><div class=\"l-section-h i-cf\"><div class=\"g-cols vc_row via_flex valign_top type_default stacking_default\"><div class=\"vc_col-sm-12 wpb_column vc_column_container\"><div class=\"vc_column-inner\"><div class=\"wpb_wrapper\"><div id=\"ultimate-heading-258969dfbd1a620be\" class=\"uvc-heading ult-adjust-bottom-margin ultimate-heading-258969dfbd1a620be uvc-2482 \" data-hspacer=\"no_spacer\"  data-halign=\"center\" style=\"text-align:center\"><div class=\"uvc-heading-spacer no_spacer\" style=\"top\"><\/div><div class=\"uvc-main-heading ult-responsive\"  data-ultimate-target='.uvc-heading.ultimate-heading-258969dfbd1a620be h2'  data-responsive-json-new='{\"font-size\":\"desktop:40px;\",\"line-height\":\"\"}' ><h2 style=\"font-family:&#039;Oswald&#039;;font-weight:normal;color:#111111;\">ASK FOR AN OFFER<\/h2><\/div><\/div><div class=\"w-btn-wrapper align_center\"><a class=\"w-btn us-btn-style_7\" title=\"contact\" href=\"https:\/\/3-a.eu\/en\/contact\/\"><span class=\"w-btn-label\">CONTACT<\/span><\/a><\/div><\/div><\/div><\/div><\/div><\/div><\/section>\n<\/div><\/div><\/div><\/div><\/div><\/section>\n","protected":false},"excerpt":{"rendered":"[vc_custom_heading text=\"VISUAL IDENTIFICATION\" font_container=\"tag:h1|text_align:center\" google_fonts=\"font_family:Playfair%20Display%3Aregular%2Citalic%2C700%2C700italic%2C900%2C900italic|font_style:400%20regular%3A400%3Anormal\" css=\"%7B%22default%22%3A%7B%22line-height%22%3A%221%22%2C%22letter-spacing%22%3A%22-0.02em%22%2C%22margin-bottom%22%3A%2210px%22%7D%7D\" el_class=\"title-letter-spacing\"]Branding is not only a logo, but also number of different actions that target in building your visual identification It will make you stand out from the competition and your brand will be perceived as planned. Branding makes clients believe that your business will meets their expectations and create...","protected":false},"author":5,"featured_media":0,"parent":0,"menu_order":15,"comment_status":"closed","ping_status":"closed","template":"","meta":{"footnotes":""},"class_list":["post-5370","page","type-page","status-publish","hentry"],"_links":{"self":[{"href":"https:\/\/3-a.eu\/en\/wp-json\/wp\/v2\/pages\/5370","targetHints":{"allow":["GET"]}}],"collection":[{"href":"https:\/\/3-a.eu\/en\/wp-json\/wp\/v2\/pages"}],"about":[{"href":"https:\/\/3-a.eu\/en\/wp-json\/wp\/v2\/types\/page"}],"author":[{"embeddable":true,"href":"https:\/\/3-a.eu\/en\/wp-json\/wp\/v2\/users\/5"}],"replies":[{"embeddable":true,"href":"https:\/\/3-a.eu\/en\/wp-json\/wp\/v2\/comments?post=5370"}],"version-history":[{"count":8,"href":"https:\/\/3-a.eu\/en\/wp-json\/wp\/v2\/pages\/5370\/revisions"}],"predecessor-version":[{"id":9674,"href":"https:\/\/3-a.eu\/en\/wp-json\/wp\/v2\/pages\/5370\/revisions\/9674"}],"wp:attachment":[{"href":"https:\/\/3-a.eu\/en\/wp-json\/wp\/v2\/media?parent=5370"}],"curies":[{"name":"wp","href":"https:\/\/api.w.org\/{rel}","templated":true}]}}